{"id":1580,"date":"2020-10-15T08:56:20","date_gmt":"2020-10-15T06:56:20","guid":{"rendered":"https:\/\/www.askeladden.no\/askeladden-boats\/"},"modified":"2024-01-26T09:34:55","modified_gmt":"2024-01-26T08:34:55","slug":"askeladden-boats","status":"publish","type":"page","link":"https:\/\/www.askeladden.no\/en\/","title":{"rendered":"Askeladden Boats"},"content":{"rendered":"\n<p class=\"has-text-align-center lead\">Askeladden manufactures market-leading boats with an uncompromising focus on design, innovation and safety.<\/p>\n\n\n\n<div class=\"wp-block-columns is-layout-flex wp-container-core-columns-is-layout-9d6595d7 wp-block-columns-is-layout-flex\">\n<div class=\"wp-block-column is-layout-flow wp-block-column-is-layout-flow\"><i class=\"icon-tools\" style=\"font-size:32px; display:block; text-align:center\"><\/i>\n\n\n\n<h5 class=\"wp-block-heading has-text-align-center\">Increased stiffness for a more robust boat<\/h5>\n\n\n\n<p class=\"has-text-align-center\">The inbuilt stiffeners (stringers) in the hull have been designed to withstand the extreme force of choppy Norwegian fjord waters.<\/p>\n\n\n<i class=\"icon-tools-2\" style=\"font-size:32px; display:block; text-align:center\"><\/i>\n\n\n\n<h5 class=\"wp-block-heading has-text-align-center\">More height and beam in relation to length<\/h5>\n\n\n\n<p class=\"has-text-align-center\">In general, Askeladden boats have a higher internal volume than competing boat makes.<\/p>\n\n\n<i class=\"icon-trophy\" style=\"font-size:32px; display:block; text-align:center\"><\/i>\n\n\n\n<h5 class=\"wp-block-heading has-text-align-center\">Quality throughout makes boating much safer!<\/h5>\n\n\n\n<p class=\"has-text-align-center\">For Askeladden, safety at sea is a top priority.<\/p>\n<\/div>\n\n\n\n<div class=\"wp-block-column is-layout-flow wp-block-column-is-layout-flow\">\n<figure class=\"wp-block-image size-full\"><img loading=\"lazy\" decoding=\"async\" width=\"488\" height=\"650\" src=\"https:\/\/www.askeladden.no\/wp-content\/uploads\/2020\/10\/askeladden.jpg\" alt=\"\" class=\"wp-image-961\" srcset=\"https:\/\/www.askeladden.no\/wp-content\/uploads\/2020\/10\/askeladden.jpg 488w, https:\/\/www.askeladden.no\/wp-content\/uploads\/2020\/10\/askeladden-225x300.jpg 225w\" sizes=\"auto, (max-width: 488px) 100vw, 488px\" \/><\/figure>\n<\/div>\n\n\n\n<div class=\"wp-block-column is-layout-flow wp-block-column-is-layout-flow\"><i class=\"icon-lifesaver\" style=\"font-size:32px; display:block; text-align:center\"><\/i>\n\n\n\n<h5 class=\"wp-block-heading has-text-align-center\">Approved in accordance with the requirements of the Norwegian Maritime Directorate&nbsp;<\/h5>\n\n\n\n<p class=\"has-text-align-center\">Leisure boats have to bear the CE label according to their category of seaworthiness<\/p>\n\n\n<i class=\"icon-compass\" style=\"font-size:32px; display:block; text-align:center\"><\/i>\n\n\n\n<h5 class=\"wp-block-heading has-text-align-center\">Designed for rain, wind and sea spray<\/h5>\n\n\n\n<p class=\"has-text-align-center\">De ferdes ikke p\u00e5 sj\u00f8en i bare solskinn og vindstille. Det kan bli sj\u00f8, regn og bl\u00e6st.<\/p>\n\n\n<i class=\"icon-lock\" style=\"font-size:32px; display:block; text-align:center\"><\/i>\n\n\n\n<h5 class=\"wp-block-heading has-text-align-center\">Reliable mooring and safe boarding\/climbing ashore<\/h5>\n\n\n\n<p class=\"has-text-align-center\">Equipped with powerful mooring cleats for spring mooring lines<\/p>\n<\/div>\n<\/div>\n\n\n\n<div class=\"wp-block-buttons is-horizontal is-content-justification-center is-layout-flex wp-container-core-buttons-is-layout-499968f5 wp-block-buttons-is-layout-flex\">\n<div class=\"wp-block-button is-style-outline is-style-outline--1\"><a class=\"wp-block-button__link wp-element-button\" href=\"https:\/\/www.askeladden.no\/en\/about-askeladden\/\">Read more \u00bb<\/a><\/div>\n<\/div>\n\n\n\n<div style=\"height:112px\" aria-hidden=\"true\" class=\"wp-block-spacer\"><\/div>\n\n\n\n<div class=\"wp-block-media-text alignwide is-stacked-on-mobile is-vertically-aligned-center is-image-fill\"><figure class=\"wp-block-media-text__media\" style=\"background-image:url(https:\/\/www.askeladden.no\/wp-content\/uploads\/2020\/10\/c83cruiser-tsi-9-1.jpg);background-position:50% 50%\"><img loading=\"lazy\" decoding=\"async\" width=\"941\" height=\"505\" src=\"https:\/\/www.askeladden.no\/wp-content\/uploads\/2020\/10\/c83cruiser-tsi-9-1.jpg\" alt=\"\" class=\"wp-image-983 size-full\" srcset=\"https:\/\/www.askeladden.no\/wp-content\/uploads\/2020\/10\/c83cruiser-tsi-9-1.jpg 941w, https:\/\/www.askeladden.no\/wp-content\/uploads\/2020\/10\/c83cruiser-tsi-9-1-300x161.jpg 300w, https:\/\/www.askeladden.no\/wp-content\/uploads\/2020\/10\/c83cruiser-tsi-9-1-768x412.jpg 768w\" sizes=\"auto, (max-width: 941px) 100vw, 941px\" \/><\/figure><div class=\"wp-block-media-text__content\">\n<p class=\"has-large-font-size\">Askeladden C-series<\/p>\n\n\n\n<p>Best in it&#8217;s class<\/p>\n\n\n\n<div class=\"wp-block-buttons is-layout-flex wp-block-buttons-is-layout-flex\">\n<div class=\"wp-block-button is-style-outline is-style-outline--2\"><a class=\"wp-block-button__link wp-element-button\" href=\"https:\/\/www.askeladden.no\/en\/models\/\">See models \u00bb<\/a><\/div>\n<\/div>\n\n\n\n<p><\/p>\n<\/div><\/div>\n\n\n\n<div style=\"height:95px\" aria-hidden=\"true\" class=\"wp-block-spacer\"><\/div>\n\n\n\n<div class=\"wp-block-media-text alignwide has-media-on-the-right is-stacked-on-mobile is-vertically-aligned-center is-image-fill\"><div class=\"wp-block-media-text__content\">\n<p class=\"has-large-font-size\">Askeladden P-series<\/p>\n\n\n\n<p>A solid range of small and medium-sized cabins<\/p>\n\n\n\n<div class=\"wp-block-buttons is-layout-flex wp-block-buttons-is-layout-flex\">\n<div class=\"wp-block-button is-style-outline is-style-outline--3\"><a class=\"wp-block-button__link wp-element-button\" href=\"https:\/\/www.askeladden.no\/en\/models\/\">See models \u00bb<\/a><\/div>\n<\/div>\n<\/div><figure class=\"wp-block-media-text__media\" style=\"background-image:url(https:\/\/www.askeladden.no\/wp-content\/uploads\/2020\/10\/askeladden-p92-large_0.jpg);background-position:50% 50%\"><img loading=\"lazy\" decoding=\"async\" width=\"1024\" height=\"683\" src=\"https:\/\/www.askeladden.no\/wp-content\/uploads\/2020\/10\/askeladden-p92-large_0.jpg\" alt=\"\" class=\"wp-image-580 size-full\" srcset=\"https:\/\/www.askeladden.no\/wp-content\/uploads\/2020\/10\/askeladden-p92-large_0.jpg 1024w, https:\/\/www.askeladden.no\/wp-content\/uploads\/2020\/10\/askeladden-p92-large_0-300x200.jpg 300w, https:\/\/www.askeladden.no\/wp-content\/uploads\/2020\/10\/askeladden-p92-large_0-768x512.jpg 768w, https:\/\/www.askeladden.no\/wp-content\/uploads\/2020\/10\/askeladden-p92-large_0-600x400.jpg 600w\" sizes=\"auto, (max-width: 1024px) 100vw, 1024px\" \/><\/figure><\/div>\n\n\n\n<div style=\"height:161px\" aria-hidden=\"true\" class=\"wp-block-spacer\"><\/div>\n","protected":false},"excerpt":{"rendered":"<p>Askeladden manufactures market-leading boats with an uncompromising focus on design, innovation and safety. Increased stiffness for a more robust boat The inbuilt stiffeners (stringers) in the hull have been designed to withstand the extreme force of choppy Norwegian fjord waters. More height and beam in relation to length In general, Askeladden boats have a higher<a class=\"excerpt-read-more\" href=\"https:\/\/www.askeladden.no\/en\/\" title=\"ReadAskeladden Boats\"> Read more &raquo;<\/a><\/p>\n","protected":false},"author":1,"featured_media":0,"parent":0,"menu_order":0,"comment_status":"closed","ping_status":"closed","template":"","meta":{"_acf_changed":false,"footnotes":""},"class_list":["post-1580","page","type-page","status-publish","hentry"],"acf":[],"yoast_head":"<!-- This site is optimized with the Yoast SEO plugin v27.3 - https:\/\/yoast.com\/product\/yoast-seo-wordpress\/ -->\n<title>Askeladden Boats - Askeladden Boats<\/title>\n<meta name=\"description\" content=\"Askeladden manufactures market-leading boats with an uncompromising focus on design, innovation and safety. Increased stiffness for a more robust boat The\" \/>\n<meta name=\"robots\" content=\"index, follow, max-snippet:-1, max-image-preview:large, max-video-preview:-1\" \/>\n<link rel=\"canonical\" href=\"https:\/\/www.askeladden.no\/en\/\" \/>\n<meta property=\"og:locale\" content=\"en_US\" \/>\n<meta property=\"og:type\" content=\"article\" \/>\n<meta property=\"og:title\" content=\"Askeladden Boats - Askeladden Boats\" \/>\n<meta property=\"og:description\" content=\"Askeladden manufactures market-leading boats with an uncompromising focus on design, innovation and safety. Increased stiffness for a more robust boat The\" \/>\n<meta property=\"og:url\" content=\"https:\/\/www.askeladden.no\/en\/\" \/>\n<meta property=\"og:site_name\" content=\"Askeladden Boats\" \/>\n<meta property=\"article:publisher\" content=\"https:\/\/www.facebook.com\/AskeladdenBoats\" \/>\n<meta property=\"article:modified_time\" content=\"2024-01-26T08:34:55+00:00\" \/>\n<meta property=\"og:image\" content=\"https:\/\/www.askeladden.no\/wp-content\/uploads\/2020\/10\/askeladden.jpg\" \/>\n<meta name=\"twitter:card\" content=\"summary_large_image\" \/>\n<meta name=\"twitter:label1\" content=\"Est. reading time\" \/>\n\t<meta name=\"twitter:data1\" content=\"2 minutes\" \/>\n<script type=\"application\/ld+json\" class=\"yoast-schema-graph\">{\"@context\":\"https:\\\/\\\/schema.org\",\"@graph\":[{\"@type\":\"WebPage\",\"@id\":\"https:\\\/\\\/www.askeladden.no\\\/en\\\/\",\"url\":\"https:\\\/\\\/www.askeladden.no\\\/en\\\/\",\"name\":\"Askeladden Boats - Askeladden Boats\",\"isPartOf\":{\"@id\":\"https:\\\/\\\/www.askeladden.no\\\/sv\\\/#website\"},\"primaryImageOfPage\":{\"@id\":\"https:\\\/\\\/www.askeladden.no\\\/en\\\/#primaryimage\"},\"image\":{\"@id\":\"https:\\\/\\\/www.askeladden.no\\\/en\\\/#primaryimage\"},\"thumbnailUrl\":\"https:\\\/\\\/www.askeladden.no\\\/wp-content\\\/uploads\\\/2020\\\/10\\\/askeladden.jpg\",\"datePublished\":\"2020-10-15T06:56:20+00:00\",\"dateModified\":\"2024-01-26T08:34:55+00:00\",\"description\":\"Askeladden manufactures market-leading boats with an uncompromising focus on design, innovation and safety. Increased stiffness for a more robust boat The\",\"breadcrumb\":{\"@id\":\"https:\\\/\\\/www.askeladden.no\\\/en\\\/#breadcrumb\"},\"inLanguage\":\"en-US\",\"potentialAction\":[{\"@type\":\"ReadAction\",\"target\":[\"https:\\\/\\\/www.askeladden.no\\\/en\\\/\"]}]},{\"@type\":\"ImageObject\",\"inLanguage\":\"en-US\",\"@id\":\"https:\\\/\\\/www.askeladden.no\\\/en\\\/#primaryimage\",\"url\":\"https:\\\/\\\/www.askeladden.no\\\/wp-content\\\/uploads\\\/2020\\\/10\\\/askeladden.jpg\",\"contentUrl\":\"https:\\\/\\\/www.askeladden.no\\\/wp-content\\\/uploads\\\/2020\\\/10\\\/askeladden.jpg\"},{\"@type\":\"BreadcrumbList\",\"@id\":\"https:\\\/\\\/www.askeladden.no\\\/en\\\/#breadcrumb\",\"itemListElement\":[{\"@type\":\"ListItem\",\"position\":1,\"name\":\"Askeladden\",\"item\":\"https:\\\/\\\/www.askeladden.no\\\/en\\\/\"},{\"@type\":\"ListItem\",\"position\":2,\"name\":\"Askeladden Boats\"}]},{\"@type\":\"WebSite\",\"@id\":\"https:\\\/\\\/www.askeladden.no\\\/sv\\\/#website\",\"url\":\"https:\\\/\\\/www.askeladden.no\\\/sv\\\/\",\"name\":\"Askeladden Boats\",\"description\":\"Simply better\",\"publisher\":{\"@id\":\"https:\\\/\\\/www.askeladden.no\\\/sv\\\/#organization\"},\"potentialAction\":[{\"@type\":\"SearchAction\",\"target\":{\"@type\":\"EntryPoint\",\"urlTemplate\":\"https:\\\/\\\/www.askeladden.no\\\/sv\\\/?s={search_term_string}\"},\"query-input\":{\"@type\":\"PropertyValueSpecification\",\"valueRequired\":true,\"valueName\":\"search_term_string\"}}],\"inLanguage\":\"en-US\"},{\"@type\":\"Organization\",\"@id\":\"https:\\\/\\\/www.askeladden.no\\\/sv\\\/#organization\",\"name\":\"Askeladden Boats\",\"url\":\"https:\\\/\\\/www.askeladden.no\\\/sv\\\/\",\"logo\":{\"@type\":\"ImageObject\",\"inLanguage\":\"en-US\",\"@id\":\"https:\\\/\\\/www.askeladden.no\\\/sv\\\/#\\\/schema\\\/logo\\\/image\\\/\",\"url\":\"https:\\\/\\\/www.askeladden.no\\\/wp-content\\\/uploads\\\/2020\\\/11\\\/login-logo.png\",\"contentUrl\":\"https:\\\/\\\/www.askeladden.no\\\/wp-content\\\/uploads\\\/2020\\\/11\\\/login-logo.png\",\"width\":274,\"height\":63,\"caption\":\"Askeladden Boats\"},\"image\":{\"@id\":\"https:\\\/\\\/www.askeladden.no\\\/sv\\\/#\\\/schema\\\/logo\\\/image\\\/\"},\"sameAs\":[\"https:\\\/\\\/www.facebook.com\\\/AskeladdenBoats\",\"https:\\\/\\\/www.instagram.com\\\/askeladdenboats\\\/\",\"https:\\\/\\\/www.linkedin.com\\\/company\\\/askeladden\\\/\",\"https:\\\/\\\/www.youtube.com\\\/channel\\\/UCj07MXqD_4in7BwVcT-pPWw\",\"https:\\\/\\\/no.wikipedia.org\\\/wiki\\\/Askeladden_(b\u00e5tmerke)\"]}]}<\/script>\n<!-- \/ Yoast SEO plugin. -->","yoast_head_json":{"title":"Askeladden Boats - Askeladden Boats","description":"Askeladden manufactures market-leading boats with an uncompromising focus on design, innovation and safety. Increased stiffness for a more robust boat The","robots":{"index":"index","follow":"follow","max-snippet":"max-snippet:-1","max-image-preview":"max-image-preview:large","max-video-preview":"max-video-preview:-1"},"canonical":"https:\/\/www.askeladden.no\/en\/","og_locale":"en_US","og_type":"article","og_title":"Askeladden Boats - Askeladden Boats","og_description":"Askeladden manufactures market-leading boats with an uncompromising focus on design, innovation and safety. Increased stiffness for a more robust boat The","og_url":"https:\/\/www.askeladden.no\/en\/","og_site_name":"Askeladden Boats","article_publisher":"https:\/\/www.facebook.com\/AskeladdenBoats","article_modified_time":"2024-01-26T08:34:55+00:00","og_image":[{"url":"https:\/\/www.askeladden.no\/wp-content\/uploads\/2020\/10\/askeladden.jpg","type":"","width":"","height":""}],"twitter_card":"summary_large_image","twitter_misc":{"Est. reading time":"2 minutes"},"schema":{"@context":"https:\/\/schema.org","@graph":[{"@type":"WebPage","@id":"https:\/\/www.askeladden.no\/en\/","url":"https:\/\/www.askeladden.no\/en\/","name":"Askeladden Boats - Askeladden Boats","isPartOf":{"@id":"https:\/\/www.askeladden.no\/sv\/#website"},"primaryImageOfPage":{"@id":"https:\/\/www.askeladden.no\/en\/#primaryimage"},"image":{"@id":"https:\/\/www.askeladden.no\/en\/#primaryimage"},"thumbnailUrl":"https:\/\/www.askeladden.no\/wp-content\/uploads\/2020\/10\/askeladden.jpg","datePublished":"2020-10-15T06:56:20+00:00","dateModified":"2024-01-26T08:34:55+00:00","description":"Askeladden manufactures market-leading boats with an uncompromising focus on design, innovation and safety. Increased stiffness for a more robust boat The","breadcrumb":{"@id":"https:\/\/www.askeladden.no\/en\/#breadcrumb"},"inLanguage":"en-US","potentialAction":[{"@type":"ReadAction","target":["https:\/\/www.askeladden.no\/en\/"]}]},{"@type":"ImageObject","inLanguage":"en-US","@id":"https:\/\/www.askeladden.no\/en\/#primaryimage","url":"https:\/\/www.askeladden.no\/wp-content\/uploads\/2020\/10\/askeladden.jpg","contentUrl":"https:\/\/www.askeladden.no\/wp-content\/uploads\/2020\/10\/askeladden.jpg"},{"@type":"BreadcrumbList","@id":"https:\/\/www.askeladden.no\/en\/#breadcrumb","itemListElement":[{"@type":"ListItem","position":1,"name":"Askeladden","item":"https:\/\/www.askeladden.no\/en\/"},{"@type":"ListItem","position":2,"name":"Askeladden Boats"}]},{"@type":"WebSite","@id":"https:\/\/www.askeladden.no\/sv\/#website","url":"https:\/\/www.askeladden.no\/sv\/","name":"Askeladden Boats","description":"Simply better","publisher":{"@id":"https:\/\/www.askeladden.no\/sv\/#organization"},"potentialAction":[{"@type":"SearchAction","target":{"@type":"EntryPoint","urlTemplate":"https:\/\/www.askeladden.no\/sv\/?s={search_term_string}"},"query-input":{"@type":"PropertyValueSpecification","valueRequired":true,"valueName":"search_term_string"}}],"inLanguage":"en-US"},{"@type":"Organization","@id":"https:\/\/www.askeladden.no\/sv\/#organization","name":"Askeladden Boats","url":"https:\/\/www.askeladden.no\/sv\/","logo":{"@type":"ImageObject","inLanguage":"en-US","@id":"https:\/\/www.askeladden.no\/sv\/#\/schema\/logo\/image\/","url":"https:\/\/www.askeladden.no\/wp-content\/uploads\/2020\/11\/login-logo.png","contentUrl":"https:\/\/www.askeladden.no\/wp-content\/uploads\/2020\/11\/login-logo.png","width":274,"height":63,"caption":"Askeladden Boats"},"image":{"@id":"https:\/\/www.askeladden.no\/sv\/#\/schema\/logo\/image\/"},"sameAs":["https:\/\/www.facebook.com\/AskeladdenBoats","https:\/\/www.instagram.com\/askeladdenboats\/","https:\/\/www.linkedin.com\/company\/askeladden\/","https:\/\/www.youtube.com\/channel\/UCj07MXqD_4in7BwVcT-pPWw","https:\/\/no.wikipedia.org\/wiki\/Askeladden_(b\u00e5tmerke)"]}]}},"_links":{"self":[{"href":"https:\/\/www.askeladden.no\/en\/wp-json\/wp\/v2\/pages\/1580","targetHints":{"allow":["GET"]}}],"collection":[{"href":"https:\/\/www.askeladden.no\/en\/wp-json\/wp\/v2\/pages"}],"about":[{"href":"https:\/\/www.askeladden.no\/en\/wp-json\/wp\/v2\/types\/page"}],"author":[{"embeddable":true,"href":"https:\/\/www.askeladden.no\/en\/wp-json\/wp\/v2\/users\/1"}],"replies":[{"embeddable":true,"href":"https:\/\/www.askeladden.no\/en\/wp-json\/wp\/v2\/comments?post=1580"}],"version-history":[{"count":24,"href":"https:\/\/www.askeladden.no\/en\/wp-json\/wp\/v2\/pages\/1580\/revisions"}],"predecessor-version":[{"id":3963,"href":"https:\/\/www.askeladden.no\/en\/wp-json\/wp\/v2\/pages\/1580\/revisions\/3963"}],"wp:attachment":[{"href":"https:\/\/www.askeladden.no\/en\/wp-json\/wp\/v2\/media?parent=1580"}],"curies":[{"name":"wp","href":"https:\/\/api.w.org\/{rel}","templated":true}]}}