{"id":1989,"date":"2020-11-02T09:11:23","date_gmt":"2020-11-02T08:11:23","guid":{"rendered":"https:\/\/www.askeladden.no\/?page_id=1989"},"modified":"2023-09-18T14:05:53","modified_gmt":"2023-09-18T12:05:53","slug":"c-serien-den-moderne-cruiserklassen","status":"publish","type":"page","link":"https:\/\/www.askeladden.no\/en\/c-serien-den-moderne-cruiserklassen\/","title":{"rendered":"Askeladdens C-serie: den moderne cruiser-klassen"},"content":{"rendered":"\n<p><strong>Askeladdens to nye cruiser-modeller, C83 og C80, tar et oppgj\u00f8r med hva som forventes av en weekendcruiser i dagens moderne b\u00e5tmarked. Bli bedre kjent med de to cruiserne til Askeladden!<\/strong><\/p>\n\n\n\n<div class=\"wp-block-columns is-layout-flex wp-container-core-columns-is-layout-9d6595d7 wp-block-columns-is-layout-flex\">\n<div class=\"wp-block-column is-layout-flow wp-block-column-is-layout-flow\">\n<p>Den ultimate m\u00e5ten \u00e5 nyte sommerhalv\u00e5ret p\u00e5 er ute p\u00e5 sj\u00f8en, i en behagelig og romslig daycruiser. Askeladden sin C-serie er et resultat av \u00e5revis av innovasjon, erfaring og b\u00e5tbyggertradisjon.<\/p>\n\n\n\n<p>Begge b\u00e5tene har sv\u00e6rt god drivstoff\u00f8konomi, og med utbordsmotor blir begge b\u00e5tene rimeligere, og mer vedlikeholdsvennlige. Askeladdens twin-step skrog s\u00f8rger for \u00e5 redusere friksjon, minimere planingsterskelen og gi alle passasjerer en sv\u00e6rt behagelig b\u00e5ttur i marsjfart. <\/p>\n\n\n\n<p>I hovedsak ligger forskjellen i C80 og C83 i bokomfort \u2013 der stores\u00f8ster C83 er litt st\u00f8rre og mer tilrettelagt for lengre og flere overnattingsturer. S\u00e5 n\u00e5r du skal velge hvilken som passer til deg, b\u00f8r du tenke p\u00e5 om du bare overnatter i b\u00e5ten en gang i blant, eller om du gj\u00f8r det oftere. <\/p>\n<\/div>\n\n\n\n<div class=\"wp-block-column is-layout-flow wp-block-column-is-layout-flow\">\n<blockquote class=\"wp-block-quote is-layout-flow wp-block-quote-is-layout-flow\">\n<p>\u2013 Vi mener vi har laget de optimale dags-, weekendtur- og ferieb\u00e5tene for hele familien, med v\u00e5re to nyeste cruisere.<\/p>\n\n\n\n<p><\/p>\n<cite>Daglig leder i Askeladden, Henrik J. Askvik.<\/cite><\/blockquote>\n<\/div>\n<\/div>\n\n\n\n<div class=\"wp-block-buttons btn-forhandlere is-horizontal is-content-justification-center is-layout-flex wp-container-core-buttons-is-layout-499968f5 wp-block-buttons-is-layout-flex\">\n<div class=\"wp-block-button\"><a class=\"btn-forhandler wp-block-button__link\" href=\"https:\/\/www.askeladden.no\/forhandlere\/\">V\u00e5re forhandlere<\/a><\/div>\n<\/div>\n\n\n\n<div style=\"height:40px\" aria-hidden=\"true\" class=\"wp-block-spacer\"><\/div>\n\n\n\n<div class=\"wp-block-columns is-layout-flex wp-container-core-columns-is-layout-9d6595d7 wp-block-columns-is-layout-flex\">\n<div class=\"wp-block-column is-layout-flow wp-block-column-is-layout-flow\">\n<h2 class=\"wp-block-heading\">C83 Cruiser TSI<\/h2>\n\n\n\n<p>I Askeladden C83 er det ikke noe problem \u00e5 feriere i b\u00e5ten. Med tykke, behagelige Tempur-madrasser, varmtvann som kan leveres av dieselvarmer s\u00e5 vel som landstr\u00f8m og mer skapplass, blir C83 Cruiser en sv\u00e6rt behagelig og overnattingsvennlig b\u00e5t, som ikke g\u00e5r p\u00e5 akkord med kj\u00f8reglede og spenstighet p\u00e5 sj\u00f8en.&nbsp;<\/p>\n\n\n\n<div class=\"wp-block-buttons is-horizontal is-content-justification-center is-layout-flex wp-container-core-buttons-is-layout-499968f5 wp-block-buttons-is-layout-flex\">\n<div class=\"wp-block-button\"><a class=\"btn-kampanjelink wp-block-button__link\" href=\"https:\/\/www.askeladden.no\/modeller\/askeladden-c83-cruiser-tsi\/\">Les mer:<br>C83 Cruiser TSI<\/a><\/div>\n<\/div>\n<\/div>\n\n\n\n<div class=\"wp-block-column is-layout-flow wp-block-column-is-layout-flow\">\n<figure class=\"wp-block-embed is-type-video is-provider-youtube wp-block-embed-youtube wp-embed-aspect-16-9 wp-has-aspect-ratio\"><div class=\"wp-block-embed__wrapper\">\n<iframe loading=\"lazy\" title=\"Askeladden C83 Cruiser TSI\" width=\"1360\" height=\"765\" src=\"https:\/\/www.youtube.com\/embed\/ZLV-k7ILMNc?feature=oembed\" frameborder=\"0\" allow=\"accelerometer; autoplay; clipboard-write; encrypted-media; gyroscope; picture-in-picture\" allowfullscreen><\/iframe>\n<\/div><\/figure>\n<\/div>\n<\/div>\n\n\n\n<div style=\"height:40px\" aria-hidden=\"true\" class=\"wp-block-spacer\"><\/div>\n\n\n\n<div class=\"wp-block-columns is-layout-flex wp-container-core-columns-is-layout-9d6595d7 wp-block-columns-is-layout-flex\">\n<div class=\"wp-block-column is-layout-flow wp-block-column-is-layout-flow\">\n<h2 class=\"wp-block-heading\">C80 Cruiser<\/h2>\n\n\n\n<p>Er du p\u00e5 jakt etter en sporty daycruiser, med god plass og komfort, er C80 Cruiser b\u00e5ten for deg. Det viktigste i en god, funksjonell dagstur- og weekendb\u00e5t er cockpiten. I C80 er den stor \u2013 like stor som hos sin stores\u00f8ster C83 \u2013 og sv\u00e6rt fleksibel.<\/p>\n\n\n\n<p>Du kan selv velge om du vil benytte deg av en sun-lounger, eller flat solseng, og det er plass til 8 personer ombord.<\/p>\n\n\n\n<div class=\"wp-block-buttons is-horizontal is-content-justification-center is-layout-flex wp-container-core-buttons-is-layout-499968f5 wp-block-buttons-is-layout-flex\">\n<div class=\"wp-block-button\"><a class=\"btn-kampanjelink wp-block-button__link\" href=\"https:\/\/www.askeladden.no\/modeller\/askeladden-c80-cruiser\/\">Les mer:<br>C80 Cruiser<\/a><\/div>\n<\/div>\n<\/div>\n\n\n\n<div class=\"wp-block-column is-layout-flow wp-block-column-is-layout-flow\">\n<figure class=\"wp-block-embed is-type-video is-provider-youtube wp-block-embed-youtube wp-embed-aspect-16-9 wp-has-aspect-ratio\"><div class=\"wp-block-embed__wrapper\">\n<iframe loading=\"lazy\" title=\"Askeladden Cruiser C80 - Feel Good\" width=\"1360\" height=\"765\" src=\"https:\/\/www.youtube.com\/embed\/Qi-M-KaU_fY?feature=oembed\" frameborder=\"0\" allow=\"accelerometer; autoplay; clipboard-write; encrypted-media; gyroscope; picture-in-picture\" allowfullscreen><\/iframe>\n<\/div><\/figure>\n<\/div>\n<\/div>\n\n\n\n<div style=\"height:40px\" aria-hidden=\"true\" class=\"wp-block-spacer\"><\/div>\n\n\n\n<h3 class=\"wp-block-heading has-text-align-center\"><strong>Finn din n\u00e6rmeste forhandler her:<\/strong><\/h3>\n\n\n\n<div class=\"wp-block-buttons is-horizontal is-content-justification-center is-layout-flex wp-container-core-buttons-is-layout-499968f5 wp-block-buttons-is-layout-flex\">\n<div class=\"wp-block-button\"><a class=\"wp-block-button__link wp-element-button\" href=\"https:\/\/www.askeladden.no\/forhandlere\/\">V\u00e5re forhandlere<\/a><\/div>\n<\/div>\n\n\n\n<div class=\"wp-block-buttons is-horizontal is-content-justification-center is-layout-flex wp-container-core-buttons-is-layout-499968f5 wp-block-buttons-is-layout-flex\"><\/div>\n\n\n\n<p><\/p>\n","protected":false},"excerpt":{"rendered":"<p>Askeladdens to nye cruiser-modeller, C83 og C80, tar et oppgj\u00f8r med hva som forventes av en weekendcruiser i dagens moderne b\u00e5tmarked. Bli bedre kjent med de to cruiserne til Askeladden! Den ultimate m\u00e5ten \u00e5 nyte sommerhalv\u00e5ret p\u00e5 er ute p\u00e5 sj\u00f8en, i en behagelig og romslig daycruiser. Askeladden sin C-serie er et resultat av \u00e5revis<a class=\"excerpt-read-more\" href=\"https:\/\/www.askeladden.no\/en\/c-serien-den-moderne-cruiserklassen\/\" title=\"ReadAskeladdens C-serie: den moderne cruiser-klassen\"> Read more &raquo;<\/a><\/p>\n","protected":false},"author":1,"featured_media":2101,"parent":0,"menu_order":0,"comment_status":"closed","ping_status":"closed","template":"","meta":{"_acf_changed":false,"footnotes":""},"class_list":["post-1989","page","type-page","status-publish","has-post-thumbnail","hentry"],"acf":[],"yoast_head":"<!-- This site is optimized with the Yoast SEO plugin v27.5 - https:\/\/yoast.com\/product\/yoast-seo-wordpress\/ -->\n<title>Askeladdens C-serie: den moderne cruiser-klassen - Askeladden Boats<\/title>\n<meta name=\"description\" content=\"Askeladdens to nye cruiser-modeller, C83 og C80, tar et oppgj\u00f8r med hva som forventes av en weekendcruiser i dagens moderne b\u00e5tmarked. Bli bedre kjent med\" \/>\n<meta name=\"robots\" content=\"index, follow, max-snippet:-1, max-image-preview:large, max-video-preview:-1\" \/>\n<link rel=\"canonical\" href=\"https:\/\/www.askeladden.no\/en\/c-serien-den-moderne-cruiserklassen\/\" \/>\n<meta property=\"og:locale\" content=\"en_US\" \/>\n<meta property=\"og:type\" content=\"article\" \/>\n<meta property=\"og:title\" content=\"Askeladdens C-serie: den moderne cruiser-klassen - Askeladden Boats\" \/>\n<meta property=\"og:description\" content=\"Askeladdens to nye cruiser-modeller, C83 og C80, tar et oppgj\u00f8r med hva som forventes av en weekendcruiser i dagens moderne b\u00e5tmarked. Bli bedre kjent med\" \/>\n<meta property=\"og:url\" content=\"https:\/\/www.askeladden.no\/en\/c-serien-den-moderne-cruiserklassen\/\" \/>\n<meta property=\"og:site_name\" content=\"Askeladden Boats\" \/>\n<meta property=\"article:publisher\" content=\"https:\/\/www.facebook.com\/AskeladdenBoats\" \/>\n<meta property=\"article:modified_time\" content=\"2023-09-18T12:05:53+00:00\" \/>\n<meta property=\"og:image\" content=\"https:\/\/www.askeladden.no\/wp-content\/uploads\/2020\/11\/landingsside_featured-4-e1604412573473.jpg\" \/>\n\t<meta property=\"og:image:width\" content=\"1686\" \/>\n\t<meta property=\"og:image:height\" content=\"627\" \/>\n\t<meta property=\"og:image:type\" content=\"image\/jpeg\" \/>\n<meta name=\"twitter:card\" content=\"summary_large_image\" \/>\n<meta name=\"twitter:label1\" content=\"Est. reading time\" \/>\n\t<meta name=\"twitter:data1\" content=\"2 minutes\" \/>\n<script type=\"application\/ld+json\" class=\"yoast-schema-graph\">{\"@context\":\"https:\\\/\\\/schema.org\",\"@graph\":[{\"@type\":\"WebPage\",\"@id\":\"https:\\\/\\\/www.askeladden.no\\\/en\\\/c-serien-den-moderne-cruiserklassen\\\/\",\"url\":\"https:\\\/\\\/www.askeladden.no\\\/en\\\/c-serien-den-moderne-cruiserklassen\\\/\",\"name\":\"Askeladdens C-serie: den moderne cruiser-klassen - Askeladden Boats\",\"isPartOf\":{\"@id\":\"https:\\\/\\\/www.askeladden.no\\\/en\\\/#website\"},\"primaryImageOfPage\":{\"@id\":\"https:\\\/\\\/www.askeladden.no\\\/en\\\/c-serien-den-moderne-cruiserklassen\\\/#primaryimage\"},\"image\":{\"@id\":\"https:\\\/\\\/www.askeladden.no\\\/en\\\/c-serien-den-moderne-cruiserklassen\\\/#primaryimage\"},\"thumbnailUrl\":\"https:\\\/\\\/www.askeladden.no\\\/wp-content\\\/uploads\\\/2020\\\/11\\\/landingsside_featured-4-e1604412573473.jpg\",\"datePublished\":\"2020-11-02T08:11:23+00:00\",\"dateModified\":\"2023-09-18T12:05:53+00:00\",\"description\":\"Askeladdens to nye cruiser-modeller, C83 og C80, tar et oppgj\u00f8r med hva som forventes av en weekendcruiser i dagens moderne b\u00e5tmarked. Bli bedre kjent med\",\"breadcrumb\":{\"@id\":\"https:\\\/\\\/www.askeladden.no\\\/en\\\/c-serien-den-moderne-cruiserklassen\\\/#breadcrumb\"},\"inLanguage\":\"en-US\",\"potentialAction\":[{\"@type\":\"ReadAction\",\"target\":[\"https:\\\/\\\/www.askeladden.no\\\/en\\\/c-serien-den-moderne-cruiserklassen\\\/\"]}]},{\"@type\":\"ImageObject\",\"inLanguage\":\"en-US\",\"@id\":\"https:\\\/\\\/www.askeladden.no\\\/en\\\/c-serien-den-moderne-cruiserklassen\\\/#primaryimage\",\"url\":\"https:\\\/\\\/www.askeladden.no\\\/wp-content\\\/uploads\\\/2020\\\/11\\\/landingsside_featured-4-e1604412573473.jpg\",\"contentUrl\":\"https:\\\/\\\/www.askeladden.no\\\/wp-content\\\/uploads\\\/2020\\\/11\\\/landingsside_featured-4-e1604412573473.jpg\",\"width\":1686,\"height\":627},{\"@type\":\"BreadcrumbList\",\"@id\":\"https:\\\/\\\/www.askeladden.no\\\/en\\\/c-serien-den-moderne-cruiserklassen\\\/#breadcrumb\",\"itemListElement\":[{\"@type\":\"ListItem\",\"position\":1,\"name\":\"Askeladden\",\"item\":\"https:\\\/\\\/www.askeladden.no\\\/en\\\/\"},{\"@type\":\"ListItem\",\"position\":2,\"name\":\"Askeladdens C-serie: den moderne cruiser-klassen\"}]},{\"@type\":\"WebSite\",\"@id\":\"https:\\\/\\\/www.askeladden.no\\\/en\\\/#website\",\"url\":\"https:\\\/\\\/www.askeladden.no\\\/en\\\/\",\"name\":\"Askeladden Boats\",\"description\":\"Simply better\",\"publisher\":{\"@id\":\"https:\\\/\\\/www.askeladden.no\\\/en\\\/#organization\"},\"potentialAction\":[{\"@type\":\"SearchAction\",\"target\":{\"@type\":\"EntryPoint\",\"urlTemplate\":\"https:\\\/\\\/www.askeladden.no\\\/en\\\/?s={search_term_string}\"},\"query-input\":{\"@type\":\"PropertyValueSpecification\",\"valueRequired\":true,\"valueName\":\"search_term_string\"}}],\"inLanguage\":\"en-US\"},{\"@type\":\"Organization\",\"@id\":\"https:\\\/\\\/www.askeladden.no\\\/en\\\/#organization\",\"name\":\"Askeladden Boats\",\"url\":\"https:\\\/\\\/www.askeladden.no\\\/en\\\/\",\"logo\":{\"@type\":\"ImageObject\",\"inLanguage\":\"en-US\",\"@id\":\"https:\\\/\\\/www.askeladden.no\\\/en\\\/#\\\/schema\\\/logo\\\/image\\\/\",\"url\":\"https:\\\/\\\/www.askeladden.no\\\/wp-content\\\/uploads\\\/2020\\\/11\\\/login-logo.png\",\"contentUrl\":\"https:\\\/\\\/www.askeladden.no\\\/wp-content\\\/uploads\\\/2020\\\/11\\\/login-logo.png\",\"width\":274,\"height\":63,\"caption\":\"Askeladden Boats\"},\"image\":{\"@id\":\"https:\\\/\\\/www.askeladden.no\\\/en\\\/#\\\/schema\\\/logo\\\/image\\\/\"},\"sameAs\":[\"https:\\\/\\\/www.facebook.com\\\/AskeladdenBoats\",\"https:\\\/\\\/www.instagram.com\\\/askeladdenboats\\\/\",\"https:\\\/\\\/www.linkedin.com\\\/company\\\/askeladden\\\/\",\"https:\\\/\\\/www.youtube.com\\\/channel\\\/UCj07MXqD_4in7BwVcT-pPWw\",\"https:\\\/\\\/no.wikipedia.org\\\/wiki\\\/Askeladden_(b\u00e5tmerke)\"]}]}<\/script>\n<!-- \/ Yoast SEO plugin. -->","yoast_head_json":{"title":"Askeladdens C-serie: den moderne cruiser-klassen - Askeladden Boats","description":"Askeladdens to nye cruiser-modeller, C83 og C80, tar et oppgj\u00f8r med hva som forventes av en weekendcruiser i dagens moderne b\u00e5tmarked. Bli bedre kjent med","robots":{"index":"index","follow":"follow","max-snippet":"max-snippet:-1","max-image-preview":"max-image-preview:large","max-video-preview":"max-video-preview:-1"},"canonical":"https:\/\/www.askeladden.no\/en\/c-serien-den-moderne-cruiserklassen\/","og_locale":"en_US","og_type":"article","og_title":"Askeladdens C-serie: den moderne cruiser-klassen - Askeladden Boats","og_description":"Askeladdens to nye cruiser-modeller, C83 og C80, tar et oppgj\u00f8r med hva som forventes av en weekendcruiser i dagens moderne b\u00e5tmarked. Bli bedre kjent med","og_url":"https:\/\/www.askeladden.no\/en\/c-serien-den-moderne-cruiserklassen\/","og_site_name":"Askeladden Boats","article_publisher":"https:\/\/www.facebook.com\/AskeladdenBoats","article_modified_time":"2023-09-18T12:05:53+00:00","og_image":[{"width":1686,"height":627,"url":"https:\/\/www.askeladden.no\/wp-content\/uploads\/2020\/11\/landingsside_featured-4-e1604412573473.jpg","type":"image\/jpeg"}],"twitter_card":"summary_large_image","twitter_misc":{"Est. reading time":"2 minutes"},"schema":{"@context":"https:\/\/schema.org","@graph":[{"@type":"WebPage","@id":"https:\/\/www.askeladden.no\/en\/c-serien-den-moderne-cruiserklassen\/","url":"https:\/\/www.askeladden.no\/en\/c-serien-den-moderne-cruiserklassen\/","name":"Askeladdens C-serie: den moderne cruiser-klassen - Askeladden Boats","isPartOf":{"@id":"https:\/\/www.askeladden.no\/en\/#website"},"primaryImageOfPage":{"@id":"https:\/\/www.askeladden.no\/en\/c-serien-den-moderne-cruiserklassen\/#primaryimage"},"image":{"@id":"https:\/\/www.askeladden.no\/en\/c-serien-den-moderne-cruiserklassen\/#primaryimage"},"thumbnailUrl":"https:\/\/www.askeladden.no\/wp-content\/uploads\/2020\/11\/landingsside_featured-4-e1604412573473.jpg","datePublished":"2020-11-02T08:11:23+00:00","dateModified":"2023-09-18T12:05:53+00:00","description":"Askeladdens to nye cruiser-modeller, C83 og C80, tar et oppgj\u00f8r med hva som forventes av en weekendcruiser i dagens moderne b\u00e5tmarked. Bli bedre kjent med","breadcrumb":{"@id":"https:\/\/www.askeladden.no\/en\/c-serien-den-moderne-cruiserklassen\/#breadcrumb"},"inLanguage":"en-US","potentialAction":[{"@type":"ReadAction","target":["https:\/\/www.askeladden.no\/en\/c-serien-den-moderne-cruiserklassen\/"]}]},{"@type":"ImageObject","inLanguage":"en-US","@id":"https:\/\/www.askeladden.no\/en\/c-serien-den-moderne-cruiserklassen\/#primaryimage","url":"https:\/\/www.askeladden.no\/wp-content\/uploads\/2020\/11\/landingsside_featured-4-e1604412573473.jpg","contentUrl":"https:\/\/www.askeladden.no\/wp-content\/uploads\/2020\/11\/landingsside_featured-4-e1604412573473.jpg","width":1686,"height":627},{"@type":"BreadcrumbList","@id":"https:\/\/www.askeladden.no\/en\/c-serien-den-moderne-cruiserklassen\/#breadcrumb","itemListElement":[{"@type":"ListItem","position":1,"name":"Askeladden","item":"https:\/\/www.askeladden.no\/en\/"},{"@type":"ListItem","position":2,"name":"Askeladdens C-serie: den moderne cruiser-klassen"}]},{"@type":"WebSite","@id":"https:\/\/www.askeladden.no\/en\/#website","url":"https:\/\/www.askeladden.no\/en\/","name":"Askeladden Boats","description":"Simply better","publisher":{"@id":"https:\/\/www.askeladden.no\/en\/#organization"},"potentialAction":[{"@type":"SearchAction","target":{"@type":"EntryPoint","urlTemplate":"https:\/\/www.askeladden.no\/en\/?s={search_term_string}"},"query-input":{"@type":"PropertyValueSpecification","valueRequired":true,"valueName":"search_term_string"}}],"inLanguage":"en-US"},{"@type":"Organization","@id":"https:\/\/www.askeladden.no\/en\/#organization","name":"Askeladden Boats","url":"https:\/\/www.askeladden.no\/en\/","logo":{"@type":"ImageObject","inLanguage":"en-US","@id":"https:\/\/www.askeladden.no\/en\/#\/schema\/logo\/image\/","url":"https:\/\/www.askeladden.no\/wp-content\/uploads\/2020\/11\/login-logo.png","contentUrl":"https:\/\/www.askeladden.no\/wp-content\/uploads\/2020\/11\/login-logo.png","width":274,"height":63,"caption":"Askeladden Boats"},"image":{"@id":"https:\/\/www.askeladden.no\/en\/#\/schema\/logo\/image\/"},"sameAs":["https:\/\/www.facebook.com\/AskeladdenBoats","https:\/\/www.instagram.com\/askeladdenboats\/","https:\/\/www.linkedin.com\/company\/askeladden\/","https:\/\/www.youtube.com\/channel\/UCj07MXqD_4in7BwVcT-pPWw","https:\/\/no.wikipedia.org\/wiki\/Askeladden_(b\u00e5tmerke)"]}]}},"_links":{"self":[{"href":"https:\/\/www.askeladden.no\/en\/wp-json\/wp\/v2\/pages\/1989","targetHints":{"allow":["GET"]}}],"collection":[{"href":"https:\/\/www.askeladden.no\/en\/wp-json\/wp\/v2\/pages"}],"about":[{"href":"https:\/\/www.askeladden.no\/en\/wp-json\/wp\/v2\/types\/page"}],"author":[{"embeddable":true,"href":"https:\/\/www.askeladden.no\/en\/wp-json\/wp\/v2\/users\/1"}],"replies":[{"embeddable":true,"href":"https:\/\/www.askeladden.no\/en\/wp-json\/wp\/v2\/comments?post=1989"}],"version-history":[{"count":34,"href":"https:\/\/www.askeladden.no\/en\/wp-json\/wp\/v2\/pages\/1989\/revisions"}],"predecessor-version":[{"id":3527,"href":"https:\/\/www.askeladden.no\/en\/wp-json\/wp\/v2\/pages\/1989\/revisions\/3527"}],"wp:featuredmedia":[{"embeddable":true,"href":"https:\/\/www.askeladden.no\/en\/wp-json\/wp\/v2\/media\/2101"}],"wp:attachment":[{"href":"https:\/\/www.askeladden.no\/en\/wp-json\/wp\/v2\/media?parent=1989"}],"curies":[{"name":"wp","href":"https:\/\/api.w.org\/{rel}","templated":true}]}}