{"id":2042,"date":"2020-11-02T10:01:55","date_gmt":"2020-11-02T09:01:55","guid":{"rendered":"https:\/\/www.askeladden.no\/personvern\/"},"modified":"2020-11-02T10:05:23","modified_gmt":"2020-11-02T09:05:23","slug":"personvern","status":"publish","type":"page","link":"https:\/\/www.askeladden.no\/en\/personvern\/","title":{"rendered":"Personvern"},"content":{"rendered":"\n<h4 class=\"wp-block-heading\">P\u00e5 dette nettstedet logger vi helt anonymt informasjon om alle bes\u00f8kende. Til dette benytter vi Google Analytics. Denne informasjonen kan ikke spores tilbake til deg som enkeltperson.<\/h4>\n\n\n\n<p>Dette er noe vi gj\u00f8r for bedre \u00e5 kunne forst\u00e5 hvordan v\u00e5re brukere benytter nettstedet og slik kan vi tilpasse sidene optimalt til deg som bruker. Vi benytter informasjonskapsler (heretter cookies) der informasjonen lagres i en informasjonskapsel p\u00e5 din enhet. Dette er helt standard prosedyre og noe de aller fleste nettsteder gj\u00f8r. Normalt sett er de fleste nettlesere stilt inn til \u00e5 godta cookies. Vi gj\u00f8r oppmerksom p\u00e5 at du kan slette cookies ved \u00e5 f\u00f8lge instruksjonene for sletting av informasjonskapsler i din nettleser. Du finner informasjonen om dette i \u201cHjelp\u201d-funksjonen i nettleseren din. V\u00e6r oppmerksom p\u00e5 at \u00e5 begrense tilgangen til cookies kan p\u00e5virke funksjonaliteten p\u00e5 nettstedet v\u00e5rt.<\/p>\n\n\n\n<h2 class=\"wp-block-heading\">Google Analytics<\/h2>\n\n\n\n<p>Google Analytics cookien er en f\u00f8rsteparts cookie. Den er innstilt til \u00e5 slettes automatisk etter 24 m\u00e5neder hvis du ikke returnerer til nettstedet. Du kan reservere deg mot bruk av Google Analytics&nbsp;<a href=\"https:\/\/tools.google.com\/dlpage\/gaoptout\" target=\"_blank\" rel=\"noreferrer noopener\">her<\/a>. Vi benytter analyseverkt\u00f8yet Google Analytics for \u00e5 studere trafikk, bruksm\u00f8nstre og trender p\u00e5 nettsiden. Dataene som samles inn brukes for \u00e5 optimalisere brukeropplevelsen og \u00e5 tilpasse innholdet p\u00e5 nettsiden. I henhold til Googles retningslinjer for bruk av Google Analytics samles det ikke inn personlig informasjon om brukerene. Dataene som samles inn lagres p\u00e5 Googles servere. Du kan lese mer om hvordan Google samler inn og beskytter data&nbsp;<a href=\"http:\/\/www.google.com\/analytics\/learn\/privacy.html\" target=\"_blank\" rel=\"noreferrer noopener\">her<\/a>.<\/p>\n\n\n\n<h2 class=\"wp-block-heading\">Google Display Advertising<\/h2>\n\n\n\n<p>DoubleClick cookien er en tredjeparts cookie som medf\u00f8rer at tredjepartsleverand\u00f8rer, medregnet Google, viser egne m\u00e5lrettede annonser fra Picapoint p\u00e5 en rekke nettsteder p\u00e5 Internett som er del av Google sitt innholdsnettverk. Dette er ogs\u00e5 kjent som remarketing. Dette brukes for \u00e5 tilpasse annonser for brukere basert p\u00e5 interesser og tidligere nettstedsbruk. Denne m\u00e5lrettingen bidrar til en mer relevant markedsf\u00f8ring for deg som bruker. I henhold til Google sin personvernpolitikk samles det ikke inn eller brukes informasjon som kan brukes til \u00e5 identifisere individer.<\/p>\n","protected":false},"excerpt":{"rendered":"<p>P\u00e5 dette nettstedet logger vi helt anonymt informasjon om alle bes\u00f8kende. Til dette benytter vi Google Analytics. Denne informasjonen kan ikke spores tilbake til deg som enkeltperson. Dette er noe vi gj\u00f8r for bedre \u00e5 kunne forst\u00e5 hvordan v\u00e5re brukere benytter nettstedet og slik kan vi tilpasse sidene optimalt til deg som bruker. Vi benytter<a class=\"excerpt-read-more\" href=\"https:\/\/www.askeladden.no\/en\/personvern\/\" title=\"ReadPersonvern\"> Read more &raquo;<\/a><\/p>\n","protected":false},"author":1,"featured_media":0,"parent":0,"menu_order":0,"comment_status":"closed","ping_status":"closed","template":"","meta":{"_acf_changed":false,"footnotes":""},"class_list":["post-2042","page","type-page","status-publish","hentry"],"acf":[],"yoast_head":"<!-- This site is optimized with the Yoast SEO plugin v27.5 - https:\/\/yoast.com\/product\/yoast-seo-wordpress\/ -->\n<title>Personvern - Askeladden Boats<\/title>\n<meta name=\"description\" content=\"P\u00e5 dette nettstedet logger vi helt anonymt informasjon om alle bes\u00f8kende. Til dette benytter vi Google Analytics. Denne informasjonen kan ikke spores\" \/>\n<meta name=\"robots\" content=\"index, follow, max-snippet:-1, max-image-preview:large, max-video-preview:-1\" \/>\n<link rel=\"canonical\" href=\"https:\/\/www.askeladden.no\/en\/personvern\/\" \/>\n<meta property=\"og:locale\" content=\"en_US\" \/>\n<meta property=\"og:type\" content=\"article\" \/>\n<meta property=\"og:title\" content=\"Personvern - Askeladden Boats\" \/>\n<meta property=\"og:description\" content=\"P\u00e5 dette nettstedet logger vi helt anonymt informasjon om alle bes\u00f8kende. Til dette benytter vi Google Analytics. Denne informasjonen kan ikke spores\" \/>\n<meta property=\"og:url\" content=\"https:\/\/www.askeladden.no\/en\/personvern\/\" \/>\n<meta property=\"og:site_name\" content=\"Askeladden Boats\" \/>\n<meta property=\"article:publisher\" content=\"https:\/\/www.facebook.com\/AskeladdenBoats\" \/>\n<meta property=\"article:modified_time\" content=\"2020-11-02T09:05:23+00:00\" \/>\n<meta name=\"twitter:card\" content=\"summary_large_image\" \/>\n<meta name=\"twitter:label1\" content=\"Est. reading time\" \/>\n\t<meta name=\"twitter:data1\" content=\"2 minutes\" \/>\n<script type=\"application\/ld+json\" class=\"yoast-schema-graph\">{\"@context\":\"https:\\\/\\\/schema.org\",\"@graph\":[{\"@type\":\"WebPage\",\"@id\":\"https:\\\/\\\/www.askeladden.no\\\/en\\\/personvern\\\/\",\"url\":\"https:\\\/\\\/www.askeladden.no\\\/en\\\/personvern\\\/\",\"name\":\"Personvern - Askeladden Boats\",\"isPartOf\":{\"@id\":\"https:\\\/\\\/www.askeladden.no\\\/en\\\/#website\"},\"datePublished\":\"2020-11-02T09:01:55+00:00\",\"dateModified\":\"2020-11-02T09:05:23+00:00\",\"description\":\"P\u00e5 dette nettstedet logger vi helt anonymt informasjon om alle bes\u00f8kende. Til dette benytter vi Google Analytics. Denne informasjonen kan ikke spores\",\"breadcrumb\":{\"@id\":\"https:\\\/\\\/www.askeladden.no\\\/en\\\/personvern\\\/#breadcrumb\"},\"inLanguage\":\"en-US\",\"potentialAction\":[{\"@type\":\"ReadAction\",\"target\":[\"https:\\\/\\\/www.askeladden.no\\\/en\\\/personvern\\\/\"]}]},{\"@type\":\"BreadcrumbList\",\"@id\":\"https:\\\/\\\/www.askeladden.no\\\/en\\\/personvern\\\/#breadcrumb\",\"itemListElement\":[{\"@type\":\"ListItem\",\"position\":1,\"name\":\"Askeladden\",\"item\":\"https:\\\/\\\/www.askeladden.no\\\/en\\\/\"},{\"@type\":\"ListItem\",\"position\":2,\"name\":\"Personvern\"}]},{\"@type\":\"WebSite\",\"@id\":\"https:\\\/\\\/www.askeladden.no\\\/en\\\/#website\",\"url\":\"https:\\\/\\\/www.askeladden.no\\\/en\\\/\",\"name\":\"Askeladden Boats\",\"description\":\"Simply better\",\"publisher\":{\"@id\":\"https:\\\/\\\/www.askeladden.no\\\/en\\\/#organization\"},\"potentialAction\":[{\"@type\":\"SearchAction\",\"target\":{\"@type\":\"EntryPoint\",\"urlTemplate\":\"https:\\\/\\\/www.askeladden.no\\\/en\\\/?s={search_term_string}\"},\"query-input\":{\"@type\":\"PropertyValueSpecification\",\"valueRequired\":true,\"valueName\":\"search_term_string\"}}],\"inLanguage\":\"en-US\"},{\"@type\":\"Organization\",\"@id\":\"https:\\\/\\\/www.askeladden.no\\\/en\\\/#organization\",\"name\":\"Askeladden Boats\",\"url\":\"https:\\\/\\\/www.askeladden.no\\\/en\\\/\",\"logo\":{\"@type\":\"ImageObject\",\"inLanguage\":\"en-US\",\"@id\":\"https:\\\/\\\/www.askeladden.no\\\/en\\\/#\\\/schema\\\/logo\\\/image\\\/\",\"url\":\"https:\\\/\\\/www.askeladden.no\\\/wp-content\\\/uploads\\\/2020\\\/11\\\/login-logo.png\",\"contentUrl\":\"https:\\\/\\\/www.askeladden.no\\\/wp-content\\\/uploads\\\/2020\\\/11\\\/login-logo.png\",\"width\":274,\"height\":63,\"caption\":\"Askeladden Boats\"},\"image\":{\"@id\":\"https:\\\/\\\/www.askeladden.no\\\/en\\\/#\\\/schema\\\/logo\\\/image\\\/\"},\"sameAs\":[\"https:\\\/\\\/www.facebook.com\\\/AskeladdenBoats\",\"https:\\\/\\\/www.instagram.com\\\/askeladdenboats\\\/\",\"https:\\\/\\\/www.linkedin.com\\\/company\\\/askeladden\\\/\",\"https:\\\/\\\/www.youtube.com\\\/channel\\\/UCj07MXqD_4in7BwVcT-pPWw\",\"https:\\\/\\\/no.wikipedia.org\\\/wiki\\\/Askeladden_(b\u00e5tmerke)\"]}]}<\/script>\n<!-- \/ Yoast SEO plugin. -->","yoast_head_json":{"title":"Personvern - Askeladden Boats","description":"P\u00e5 dette nettstedet logger vi helt anonymt informasjon om alle bes\u00f8kende. Til dette benytter vi Google Analytics. Denne informasjonen kan ikke spores","robots":{"index":"index","follow":"follow","max-snippet":"max-snippet:-1","max-image-preview":"max-image-preview:large","max-video-preview":"max-video-preview:-1"},"canonical":"https:\/\/www.askeladden.no\/en\/personvern\/","og_locale":"en_US","og_type":"article","og_title":"Personvern - Askeladden Boats","og_description":"P\u00e5 dette nettstedet logger vi helt anonymt informasjon om alle bes\u00f8kende. Til dette benytter vi Google Analytics. Denne informasjonen kan ikke spores","og_url":"https:\/\/www.askeladden.no\/en\/personvern\/","og_site_name":"Askeladden Boats","article_publisher":"https:\/\/www.facebook.com\/AskeladdenBoats","article_modified_time":"2020-11-02T09:05:23+00:00","twitter_card":"summary_large_image","twitter_misc":{"Est. reading time":"2 minutes"},"schema":{"@context":"https:\/\/schema.org","@graph":[{"@type":"WebPage","@id":"https:\/\/www.askeladden.no\/en\/personvern\/","url":"https:\/\/www.askeladden.no\/en\/personvern\/","name":"Personvern - Askeladden Boats","isPartOf":{"@id":"https:\/\/www.askeladden.no\/en\/#website"},"datePublished":"2020-11-02T09:01:55+00:00","dateModified":"2020-11-02T09:05:23+00:00","description":"P\u00e5 dette nettstedet logger vi helt anonymt informasjon om alle bes\u00f8kende. Til dette benytter vi Google Analytics. Denne informasjonen kan ikke spores","breadcrumb":{"@id":"https:\/\/www.askeladden.no\/en\/personvern\/#breadcrumb"},"inLanguage":"en-US","potentialAction":[{"@type":"ReadAction","target":["https:\/\/www.askeladden.no\/en\/personvern\/"]}]},{"@type":"BreadcrumbList","@id":"https:\/\/www.askeladden.no\/en\/personvern\/#breadcrumb","itemListElement":[{"@type":"ListItem","position":1,"name":"Askeladden","item":"https:\/\/www.askeladden.no\/en\/"},{"@type":"ListItem","position":2,"name":"Personvern"}]},{"@type":"WebSite","@id":"https:\/\/www.askeladden.no\/en\/#website","url":"https:\/\/www.askeladden.no\/en\/","name":"Askeladden Boats","description":"Simply better","publisher":{"@id":"https:\/\/www.askeladden.no\/en\/#organization"},"potentialAction":[{"@type":"SearchAction","target":{"@type":"EntryPoint","urlTemplate":"https:\/\/www.askeladden.no\/en\/?s={search_term_string}"},"query-input":{"@type":"PropertyValueSpecification","valueRequired":true,"valueName":"search_term_string"}}],"inLanguage":"en-US"},{"@type":"Organization","@id":"https:\/\/www.askeladden.no\/en\/#organization","name":"Askeladden Boats","url":"https:\/\/www.askeladden.no\/en\/","logo":{"@type":"ImageObject","inLanguage":"en-US","@id":"https:\/\/www.askeladden.no\/en\/#\/schema\/logo\/image\/","url":"https:\/\/www.askeladden.no\/wp-content\/uploads\/2020\/11\/login-logo.png","contentUrl":"https:\/\/www.askeladden.no\/wp-content\/uploads\/2020\/11\/login-logo.png","width":274,"height":63,"caption":"Askeladden Boats"},"image":{"@id":"https:\/\/www.askeladden.no\/en\/#\/schema\/logo\/image\/"},"sameAs":["https:\/\/www.facebook.com\/AskeladdenBoats","https:\/\/www.instagram.com\/askeladdenboats\/","https:\/\/www.linkedin.com\/company\/askeladden\/","https:\/\/www.youtube.com\/channel\/UCj07MXqD_4in7BwVcT-pPWw","https:\/\/no.wikipedia.org\/wiki\/Askeladden_(b\u00e5tmerke)"]}]}},"_links":{"self":[{"href":"https:\/\/www.askeladden.no\/en\/wp-json\/wp\/v2\/pages\/2042","targetHints":{"allow":["GET"]}}],"collection":[{"href":"https:\/\/www.askeladden.no\/en\/wp-json\/wp\/v2\/pages"}],"about":[{"href":"https:\/\/www.askeladden.no\/en\/wp-json\/wp\/v2\/types\/page"}],"author":[{"embeddable":true,"href":"https:\/\/www.askeladden.no\/en\/wp-json\/wp\/v2\/users\/1"}],"replies":[{"embeddable":true,"href":"https:\/\/www.askeladden.no\/en\/wp-json\/wp\/v2\/comments?post=2042"}],"version-history":[{"count":1,"href":"https:\/\/www.askeladden.no\/en\/wp-json\/wp\/v2\/pages\/2042\/revisions"}],"predecessor-version":[{"id":2043,"href":"https:\/\/www.askeladden.no\/en\/wp-json\/wp\/v2\/pages\/2042\/revisions\/2043"}],"wp:attachment":[{"href":"https:\/\/www.askeladden.no\/en\/wp-json\/wp\/v2\/media?parent=2042"}],"curies":[{"name":"wp","href":"https:\/\/api.w.org\/{rel}","templated":true}]}}