{"id":3160,"date":"2023-06-28T09:56:27","date_gmt":"2023-06-28T07:56:27","guid":{"rendered":"https:\/\/www.askeladden.no\/?page_id=3160"},"modified":"2023-06-28T12:46:33","modified_gmt":"2023-06-28T10:46:33","slug":"apenhetsloven","status":"publish","type":"page","link":"https:\/\/www.askeladden.no\/en\/apenhetsloven\/","title":{"rendered":"Redegj\u00f8relse \u00c5penhetsloven"},"content":{"rendered":"\n<p class=\"has-small-font-size\">19. juni 2023<\/p>\n\n\n\n<h2 class=\"wp-block-heading\">Askeladden Boats AS virksomhet og driftsomr\u00e5de<\/h2>\n\n\n\n<p>Askeladden Boats AS utvikler, markedsf\u00f8rer og selger merkevaren Askeladden fritidsb\u00e5ter i Norden. Produksjonen utf\u00f8res av samarbeidspartner og underleverand\u00f8r Model Art Sp. Z o.o. NIP 741-18-95-516 lokalisert i Ostroda Polen.<\/p>\n\n\n\n<p>Utover dette driver selskapet maritim detaljist virksomhet rettet hovedsakelig mot det lokale fritidsb\u00e5tmarkedet lokalisert p\u00e5 Nedre Askvik 85, 5217 Hagavik under markedsnavnet B\u00e5tens Best. Virksomheten best\u00e5r av salg av Askeladden b\u00e5ter, Suzuki og Mercury utenbordsmotorer samt b\u00e5tutstyr. Selskapet levere ogs\u00e5 f\u00f8lgende tjenester til det lokale fritidsb\u00e5tmarkedet. Motorverksted, plastverksted og vinterlagring av fritidsb\u00e5ter.<\/p>\n\n\n\n<p>Selskapets leverand\u00f8rer er i all hovedsak Norske eller EU land lokaliserte. Selskapets kunder er i hovedsak Norske eller Nordiske.<\/p>\n\n\n\n<h2 class=\"wp-block-heading\">Retningslinjer og rutiner<\/h2>\n\n\n\n<p>Retningslinjer og rutiner for \u00e5 h\u00e5ndtere faktiske og potensielle negative konsekvenser for grunnleggende menneskerettigheter og anstendige arbeidsforhold er under etablering.<\/p>\n\n\n\n<h2 class=\"wp-block-heading\">V\u00e5re aktsomhetsvurderinger<\/h2>\n\n\n\n<p>V\u00e5re aktsomhetsvurderinger har s\u00e5 langt ikke avdekket faktiske negative konsekvenser noe vi forel\u00f8pig knytter til at v\u00e5re leverand\u00f8rer og kunder er Norske, Nordiske og Europeiske.<\/p>\n\n\n\n<h2 class=\"wp-block-heading\">Tiltak<\/h2>\n\n\n\n<p>S\u00e5 langt har vi ikke avdekket negative konsekvenser og har f\u00f8lgelig ikke iverksatt tiltak.<\/p>\n\n\n\n<h2 class=\"wp-block-heading\">Innsyn<\/h2>\n\n\n\n<p>For innsyn kan du kontakte oss p\u00e5 <a href=\"mailto:innsyn@askeladden.no\">innsyn@askeladden.no<\/a>.<\/p>\n","protected":false},"excerpt":{"rendered":"<p>19. juni 2023 Askeladden Boats AS virksomhet og driftsomr\u00e5de Askeladden Boats AS utvikler, markedsf\u00f8rer og selger merkevaren Askeladden fritidsb\u00e5ter i Norden. Produksjonen utf\u00f8res av samarbeidspartner og underleverand\u00f8r Model Art Sp. Z o.o. NIP 741-18-95-516 lokalisert i Ostroda Polen. Utover dette driver selskapet maritim detaljist virksomhet rettet hovedsakelig mot det lokale fritidsb\u00e5tmarkedet lokalisert p\u00e5 Nedre Askvik<a class=\"excerpt-read-more\" href=\"https:\/\/www.askeladden.no\/en\/apenhetsloven\/\" title=\"ReadRedegj\u00f8relse \u00c5penhetsloven\"> Read more &raquo;<\/a><\/p>\n","protected":false},"author":14,"featured_media":0,"parent":0,"menu_order":0,"comment_status":"closed","ping_status":"closed","template":"","meta":{"_acf_changed":false,"footnotes":""},"class_list":["post-3160","page","type-page","status-publish","hentry"],"acf":[],"yoast_head":"<!-- This site is optimized with the Yoast SEO plugin v27.5 - https:\/\/yoast.com\/product\/yoast-seo-wordpress\/ -->\n<title>Redegj\u00f8relse \u00c5penhetsloven - Askeladden Boats<\/title>\n<meta name=\"description\" content=\"19. juni 2023 Askeladden Boats AS virksomhet og driftsomr\u00e5de Askeladden Boats AS utvikler, markedsf\u00f8rer og selger merkevaren Askeladden fritidsb\u00e5ter i\" \/>\n<meta name=\"robots\" content=\"index, follow, max-snippet:-1, max-image-preview:large, max-video-preview:-1\" \/>\n<link rel=\"canonical\" href=\"https:\/\/www.askeladden.no\/en\/apenhetsloven\/\" \/>\n<meta property=\"og:locale\" content=\"en_US\" \/>\n<meta property=\"og:type\" content=\"article\" \/>\n<meta property=\"og:title\" content=\"Redegj\u00f8relse \u00c5penhetsloven - Askeladden Boats\" \/>\n<meta property=\"og:description\" content=\"19. juni 2023 Askeladden Boats AS virksomhet og driftsomr\u00e5de Askeladden Boats AS utvikler, markedsf\u00f8rer og selger merkevaren Askeladden fritidsb\u00e5ter i\" \/>\n<meta property=\"og:url\" content=\"https:\/\/www.askeladden.no\/en\/apenhetsloven\/\" \/>\n<meta property=\"og:site_name\" content=\"Askeladden Boats\" \/>\n<meta property=\"article:publisher\" content=\"https:\/\/www.facebook.com\/AskeladdenBoats\" \/>\n<meta property=\"article:modified_time\" content=\"2023-06-28T10:46:33+00:00\" \/>\n<meta name=\"twitter:card\" content=\"summary_large_image\" \/>\n<script type=\"application\/ld+json\" class=\"yoast-schema-graph\">{\"@context\":\"https:\\\/\\\/schema.org\",\"@graph\":[{\"@type\":\"WebPage\",\"@id\":\"https:\\\/\\\/www.askeladden.no\\\/en\\\/apenhetsloven\\\/\",\"url\":\"https:\\\/\\\/www.askeladden.no\\\/en\\\/apenhetsloven\\\/\",\"name\":\"Redegj\u00f8relse \u00c5penhetsloven - Askeladden Boats\",\"isPartOf\":{\"@id\":\"https:\\\/\\\/www.askeladden.no\\\/en\\\/#website\"},\"datePublished\":\"2023-06-28T07:56:27+00:00\",\"dateModified\":\"2023-06-28T10:46:33+00:00\",\"description\":\"19. juni 2023 Askeladden Boats AS virksomhet og driftsomr\u00e5de Askeladden Boats AS utvikler, markedsf\u00f8rer og selger merkevaren Askeladden fritidsb\u00e5ter i\",\"breadcrumb\":{\"@id\":\"https:\\\/\\\/www.askeladden.no\\\/en\\\/apenhetsloven\\\/#breadcrumb\"},\"inLanguage\":\"en-US\",\"potentialAction\":[{\"@type\":\"ReadAction\",\"target\":[\"https:\\\/\\\/www.askeladden.no\\\/en\\\/apenhetsloven\\\/\"]}]},{\"@type\":\"BreadcrumbList\",\"@id\":\"https:\\\/\\\/www.askeladden.no\\\/en\\\/apenhetsloven\\\/#breadcrumb\",\"itemListElement\":[{\"@type\":\"ListItem\",\"position\":1,\"name\":\"Askeladden\",\"item\":\"https:\\\/\\\/www.askeladden.no\\\/en\\\/\"},{\"@type\":\"ListItem\",\"position\":2,\"name\":\"Redegj\u00f8relse \u00c5penhetsloven\"}]},{\"@type\":\"WebSite\",\"@id\":\"https:\\\/\\\/www.askeladden.no\\\/en\\\/#website\",\"url\":\"https:\\\/\\\/www.askeladden.no\\\/en\\\/\",\"name\":\"Askeladden Boats\",\"description\":\"Simply better\",\"publisher\":{\"@id\":\"https:\\\/\\\/www.askeladden.no\\\/en\\\/#organization\"},\"potentialAction\":[{\"@type\":\"SearchAction\",\"target\":{\"@type\":\"EntryPoint\",\"urlTemplate\":\"https:\\\/\\\/www.askeladden.no\\\/en\\\/?s={search_term_string}\"},\"query-input\":{\"@type\":\"PropertyValueSpecification\",\"valueRequired\":true,\"valueName\":\"search_term_string\"}}],\"inLanguage\":\"en-US\"},{\"@type\":\"Organization\",\"@id\":\"https:\\\/\\\/www.askeladden.no\\\/en\\\/#organization\",\"name\":\"Askeladden Boats\",\"url\":\"https:\\\/\\\/www.askeladden.no\\\/en\\\/\",\"logo\":{\"@type\":\"ImageObject\",\"inLanguage\":\"en-US\",\"@id\":\"https:\\\/\\\/www.askeladden.no\\\/en\\\/#\\\/schema\\\/logo\\\/image\\\/\",\"url\":\"https:\\\/\\\/www.askeladden.no\\\/wp-content\\\/uploads\\\/2020\\\/11\\\/login-logo.png\",\"contentUrl\":\"https:\\\/\\\/www.askeladden.no\\\/wp-content\\\/uploads\\\/2020\\\/11\\\/login-logo.png\",\"width\":274,\"height\":63,\"caption\":\"Askeladden Boats\"},\"image\":{\"@id\":\"https:\\\/\\\/www.askeladden.no\\\/en\\\/#\\\/schema\\\/logo\\\/image\\\/\"},\"sameAs\":[\"https:\\\/\\\/www.facebook.com\\\/AskeladdenBoats\",\"https:\\\/\\\/www.instagram.com\\\/askeladdenboats\\\/\",\"https:\\\/\\\/www.linkedin.com\\\/company\\\/askeladden\\\/\",\"https:\\\/\\\/www.youtube.com\\\/channel\\\/UCj07MXqD_4in7BwVcT-pPWw\",\"https:\\\/\\\/no.wikipedia.org\\\/wiki\\\/Askeladden_(b\u00e5tmerke)\"]}]}<\/script>\n<!-- \/ Yoast SEO plugin. -->","yoast_head_json":{"title":"Redegj\u00f8relse \u00c5penhetsloven - Askeladden Boats","description":"19. juni 2023 Askeladden Boats AS virksomhet og driftsomr\u00e5de Askeladden Boats AS utvikler, markedsf\u00f8rer og selger merkevaren Askeladden fritidsb\u00e5ter i","robots":{"index":"index","follow":"follow","max-snippet":"max-snippet:-1","max-image-preview":"max-image-preview:large","max-video-preview":"max-video-preview:-1"},"canonical":"https:\/\/www.askeladden.no\/en\/apenhetsloven\/","og_locale":"en_US","og_type":"article","og_title":"Redegj\u00f8relse \u00c5penhetsloven - Askeladden Boats","og_description":"19. juni 2023 Askeladden Boats AS virksomhet og driftsomr\u00e5de Askeladden Boats AS utvikler, markedsf\u00f8rer og selger merkevaren Askeladden fritidsb\u00e5ter i","og_url":"https:\/\/www.askeladden.no\/en\/apenhetsloven\/","og_site_name":"Askeladden Boats","article_publisher":"https:\/\/www.facebook.com\/AskeladdenBoats","article_modified_time":"2023-06-28T10:46:33+00:00","twitter_card":"summary_large_image","schema":{"@context":"https:\/\/schema.org","@graph":[{"@type":"WebPage","@id":"https:\/\/www.askeladden.no\/en\/apenhetsloven\/","url":"https:\/\/www.askeladden.no\/en\/apenhetsloven\/","name":"Redegj\u00f8relse \u00c5penhetsloven - Askeladden Boats","isPartOf":{"@id":"https:\/\/www.askeladden.no\/en\/#website"},"datePublished":"2023-06-28T07:56:27+00:00","dateModified":"2023-06-28T10:46:33+00:00","description":"19. juni 2023 Askeladden Boats AS virksomhet og driftsomr\u00e5de Askeladden Boats AS utvikler, markedsf\u00f8rer og selger merkevaren Askeladden fritidsb\u00e5ter i","breadcrumb":{"@id":"https:\/\/www.askeladden.no\/en\/apenhetsloven\/#breadcrumb"},"inLanguage":"en-US","potentialAction":[{"@type":"ReadAction","target":["https:\/\/www.askeladden.no\/en\/apenhetsloven\/"]}]},{"@type":"BreadcrumbList","@id":"https:\/\/www.askeladden.no\/en\/apenhetsloven\/#breadcrumb","itemListElement":[{"@type":"ListItem","position":1,"name":"Askeladden","item":"https:\/\/www.askeladden.no\/en\/"},{"@type":"ListItem","position":2,"name":"Redegj\u00f8relse \u00c5penhetsloven"}]},{"@type":"WebSite","@id":"https:\/\/www.askeladden.no\/en\/#website","url":"https:\/\/www.askeladden.no\/en\/","name":"Askeladden Boats","description":"Simply better","publisher":{"@id":"https:\/\/www.askeladden.no\/en\/#organization"},"potentialAction":[{"@type":"SearchAction","target":{"@type":"EntryPoint","urlTemplate":"https:\/\/www.askeladden.no\/en\/?s={search_term_string}"},"query-input":{"@type":"PropertyValueSpecification","valueRequired":true,"valueName":"search_term_string"}}],"inLanguage":"en-US"},{"@type":"Organization","@id":"https:\/\/www.askeladden.no\/en\/#organization","name":"Askeladden Boats","url":"https:\/\/www.askeladden.no\/en\/","logo":{"@type":"ImageObject","inLanguage":"en-US","@id":"https:\/\/www.askeladden.no\/en\/#\/schema\/logo\/image\/","url":"https:\/\/www.askeladden.no\/wp-content\/uploads\/2020\/11\/login-logo.png","contentUrl":"https:\/\/www.askeladden.no\/wp-content\/uploads\/2020\/11\/login-logo.png","width":274,"height":63,"caption":"Askeladden Boats"},"image":{"@id":"https:\/\/www.askeladden.no\/en\/#\/schema\/logo\/image\/"},"sameAs":["https:\/\/www.facebook.com\/AskeladdenBoats","https:\/\/www.instagram.com\/askeladdenboats\/","https:\/\/www.linkedin.com\/company\/askeladden\/","https:\/\/www.youtube.com\/channel\/UCj07MXqD_4in7BwVcT-pPWw","https:\/\/no.wikipedia.org\/wiki\/Askeladden_(b\u00e5tmerke)"]}]}},"_links":{"self":[{"href":"https:\/\/www.askeladden.no\/en\/wp-json\/wp\/v2\/pages\/3160","targetHints":{"allow":["GET"]}}],"collection":[{"href":"https:\/\/www.askeladden.no\/en\/wp-json\/wp\/v2\/pages"}],"about":[{"href":"https:\/\/www.askeladden.no\/en\/wp-json\/wp\/v2\/types\/page"}],"author":[{"embeddable":true,"href":"https:\/\/www.askeladden.no\/en\/wp-json\/wp\/v2\/users\/14"}],"replies":[{"embeddable":true,"href":"https:\/\/www.askeladden.no\/en\/wp-json\/wp\/v2\/comments?post=3160"}],"version-history":[{"count":2,"href":"https:\/\/www.askeladden.no\/en\/wp-json\/wp\/v2\/pages\/3160\/revisions"}],"predecessor-version":[{"id":3162,"href":"https:\/\/www.askeladden.no\/en\/wp-json\/wp\/v2\/pages\/3160\/revisions\/3162"}],"wp:attachment":[{"href":"https:\/\/www.askeladden.no\/en\/wp-json\/wp\/v2\/media?parent=3160"}],"curies":[{"name":"wp","href":"https:\/\/api.w.org\/{rel}","templated":true}]}}