{"id":1584,"date":"2020-10-15T08:56:20","date_gmt":"2020-10-15T06:56:20","guid":{"rendered":"https:\/\/www.askeladden.no\/askeladden-boats\/"},"modified":"2024-03-14T10:54:36","modified_gmt":"2024-03-14T09:54:36","slug":"askeladden-boats","status":"publish","type":"page","link":"https:\/\/www.askeladden.no\/sv\/","title":{"rendered":"Askeladden Boats"},"content":{"rendered":"\n<p class=\"has-text-align-center lead\">Vi producerar klassledande b\u00e5tar med kompromissl\u00f6st fokus p\u00e5 design, innovation och s\u00e4kerhet.<\/p>\n\n\n\n<div class=\"wp-block-columns is-layout-flex wp-container-core-columns-is-layout-9d6595d7 wp-block-columns-is-layout-flex\">\n<div class=\"wp-block-column is-layout-flow wp-block-column-is-layout-flow\"><i class=\"icon-tools\" style=\"font-size:32px; display:block; text-align:center\"><\/i>\n\n\n\n<h5 class=\"wp-block-heading has-text-align-center\">Styvare och mer solid konstruktion<\/h5>\n\n\n\n<p class=\"has-text-align-center\">Skrovets inbyggda stringers \u00e4r dimensionerade f\u00f6r att t\u00e5la de extrema p\u00e5frestningarna fr\u00e5n h\u00e5rd sj\u00f6.<\/p>\n\n\n<i class=\"icon-tools-2\" style=\"font-size:32px; display:block; text-align:center\"><\/i>\n\n\n\n<h5 class=\"wp-block-heading has-text-align-center\">H\u00f6gre och bredare i f\u00f6rh\u00e5llande till l\u00e4ngden<\/h5>\n\n\n\n<p class=\"has-text-align-center\">Askeladden har genomg\u00e5ende en st\u00f6rre inv\u00e4ndig volym \u00e4n konkurrenterna.<\/p>\n\n\n<i class=\"icon-trophy\" style=\"font-size:32px; display:block; text-align:center\"><\/i>\n\n\n\n<h5 class=\"wp-block-heading has-text-align-center\">Kvalitet in i minsta detalj betyder b\u00e4ttre s\u00e4kerhet till sj\u00f6ss!<\/h5>\n\n\n\n<p class=\"has-text-align-center\">Askeladden hyser stor respekt f\u00f6r s\u00e4kerheten p\u00e5 sj\u00f6n<\/p>\n<\/div>\n\n\n\n<div class=\"wp-block-column is-layout-flow wp-block-column-is-layout-flow\">\n<figure class=\"wp-block-image size-full\"><img loading=\"lazy\" decoding=\"async\" width=\"488\" height=\"650\" src=\"https:\/\/www.askeladden.no\/wp-content\/uploads\/2020\/10\/askeladden.jpg\" alt=\"\" class=\"wp-image-961\" srcset=\"https:\/\/www.askeladden.no\/wp-content\/uploads\/2020\/10\/askeladden.jpg 488w, https:\/\/www.askeladden.no\/wp-content\/uploads\/2020\/10\/askeladden-225x300.jpg 225w\" sizes=\"auto, (max-width: 488px) 100vw, 488px\" \/><\/figure>\n<\/div>\n\n\n\n<div class=\"wp-block-column is-layout-flow wp-block-column-is-layout-flow\"><i class=\"icon-lifesaver\" style=\"font-size:32px; display:block; text-align:center\"><\/i>\n\n\n\n<h5 class=\"wp-block-heading has-text-align-center\">Godk\u00e4nt enligt Sj\u00f6fartsverkets krav<\/h5>\n\n\n\n<p class=\"has-text-align-center\">Fritidsb\u00e5tar CE-m\u00e4rks efter kategorier med h\u00e4nsyn till sj\u00f6duglighet<\/p>\n\n\n<i class=\"icon-compass\" style=\"font-size:32px; display:block; text-align:center\"><\/i>\n\n\n\n<h5 class=\"wp-block-heading has-text-align-center\">Konstruerad f\u00f6r regn, vind och sj\u00f6sprut<\/h5>\n\n\n\n<p class=\"has-text-align-center\">Det \u00e4r inte alltid solsken och vindstilla n\u00e4r du \u00e4r ute p\u00e5 sj\u00f6n. Det kan \u00e4ven bli sj\u00f6g\u00e5ng, regn och bl\u00e5st.<\/p>\n\n\n<i class=\"icon-lock\" style=\"font-size:32px; display:block; text-align:center\"><\/i>\n\n\n\n<h5 class=\"wp-block-heading has-text-align-center\">Trygg f\u00f6rt\u00f6jning och s\u00e4ker ombord-\/ilandstigning<\/h5>\n\n\n\n<p class=\"has-text-align-center\">Utrustad med kraftiga f\u00f6rt\u00f6jningspollare f\u00f6r springf\u00f6rt\u00f6jning<\/p>\n<\/div>\n<\/div>\n\n\n\n<div class=\"wp-block-buttons is-horizontal is-content-justification-center is-layout-flex wp-container-core-buttons-is-layout-499968f5 wp-block-buttons-is-layout-flex\">\n<div class=\"wp-block-button is-style-outline is-style-outline--1\"><a class=\"wp-block-button__link wp-element-button\" href=\"https:\/\/www.askeladden.no\/sv\/om-askeladden\/\">L\u00e4s mer \u00bb<\/a><\/div>\n<\/div>\n\n\n\n<div style=\"height:112px\" aria-hidden=\"true\" class=\"wp-block-spacer\"><\/div>\n\n\n\n<div class=\"wp-block-media-text alignwide is-stacked-on-mobile is-vertically-aligned-center is-image-fill\"><figure class=\"wp-block-media-text__media\" style=\"background-image:url(https:\/\/www.askeladden.no\/wp-content\/uploads\/2020\/10\/c83cruiser-tsi-9-1.jpg);background-position:50% 50%\"><img loading=\"lazy\" decoding=\"async\" width=\"941\" height=\"505\" src=\"https:\/\/www.askeladden.no\/wp-content\/uploads\/2020\/10\/c83cruiser-tsi-9-1.jpg\" alt=\"\" class=\"wp-image-983 size-full\" srcset=\"https:\/\/www.askeladden.no\/wp-content\/uploads\/2020\/10\/c83cruiser-tsi-9-1.jpg 941w, https:\/\/www.askeladden.no\/wp-content\/uploads\/2020\/10\/c83cruiser-tsi-9-1-300x161.jpg 300w, https:\/\/www.askeladden.no\/wp-content\/uploads\/2020\/10\/c83cruiser-tsi-9-1-768x412.jpg 768w\" sizes=\"auto, (max-width: 941px) 100vw, 941px\" \/><\/figure><div class=\"wp-block-media-text__content\">\n<p class=\"has-large-font-size\">Askeladden C-series<\/p>\n\n\n\n<p>B\u00e4st i klassen<\/p>\n\n\n\n<div class=\"wp-block-buttons is-layout-flex wp-block-buttons-is-layout-flex\">\n<div class=\"wp-block-button is-style-outline is-style-outline--2\"><a class=\"wp-block-button__link wp-element-button\" href=\"https:\/\/www.askeladden.no\/sv\/modeller\/\">Se modeller \u00bb<\/a><\/div>\n<\/div>\n<\/div><\/div>\n\n\n\n<div style=\"height:95px\" aria-hidden=\"true\" class=\"wp-block-spacer\"><\/div>\n\n\n\n<div class=\"wp-block-media-text alignwide has-media-on-the-right is-stacked-on-mobile is-vertically-aligned-center is-image-fill\"><div class=\"wp-block-media-text__content\">\n<p class=\"has-large-font-size\">Askeladden P-series<\/p>\n\n\n\n<p>Prisgunstiga allroundb\u00e5t\u00e4r<\/p>\n\n\n\n<div class=\"wp-block-buttons is-layout-flex wp-block-buttons-is-layout-flex\">\n<div class=\"wp-block-button is-style-outline is-style-outline--3\"><a class=\"wp-block-button__link wp-element-button\" href=\"https:\/\/www.askeladden.no\/sv\/modeller\/\">Se modeller \u00bb<\/a><\/div>\n<\/div>\n\n\n\n<p><\/p>\n<\/div><figure class=\"wp-block-media-text__media\" style=\"background-image:url(https:\/\/www.askeladden.no\/wp-content\/uploads\/2020\/10\/askeladden-p92-large_0.jpg);background-position:50% 50%\"><img loading=\"lazy\" decoding=\"async\" width=\"1024\" height=\"683\" src=\"https:\/\/www.askeladden.no\/wp-content\/uploads\/2020\/10\/askeladden-p92-large_0.jpg\" alt=\"\" class=\"wp-image-580 size-full\" srcset=\"https:\/\/www.askeladden.no\/wp-content\/uploads\/2020\/10\/askeladden-p92-large_0.jpg 1024w, https:\/\/www.askeladden.no\/wp-content\/uploads\/2020\/10\/askeladden-p92-large_0-300x200.jpg 300w, https:\/\/www.askeladden.no\/wp-content\/uploads\/2020\/10\/askeladden-p92-large_0-768x512.jpg 768w, https:\/\/www.askeladden.no\/wp-content\/uploads\/2020\/10\/askeladden-p92-large_0-600x400.jpg 600w\" sizes=\"auto, (max-width: 1024px) 100vw, 1024px\" \/><\/figure><\/div>\n\n\n\n<div style=\"height:161px\" aria-hidden=\"true\" class=\"wp-block-spacer\"><\/div>\n","protected":false},"excerpt":{"rendered":"<p>Vi producerar klassledande b\u00e5tar med kompromissl\u00f6st fokus p\u00e5 design, innovation och s\u00e4kerhet. Styvare och mer solid konstruktion Skrovets inbyggda stringers \u00e4r dimensionerade f\u00f6r att t\u00e5la de extrema p\u00e5frestningarna fr\u00e5n h\u00e5rd sj\u00f6. H\u00f6gre och bredare i f\u00f6rh\u00e5llande till l\u00e4ngden Askeladden har genomg\u00e5ende en st\u00f6rre inv\u00e4ndig volym \u00e4n konkurrenterna. Kvalitet in i minsta detalj betyder b\u00e4ttre s\u00e4kerhet<a class=\"excerpt-read-more\" href=\"https:\/\/www.askeladden.no\/sv\/\" title=\"L\u00e4sAskeladden Boats\"> L\u00e4s mer &raquo;<\/a><\/p>\n","protected":false},"author":1,"featured_media":0,"parent":0,"menu_order":0,"comment_status":"closed","ping_status":"closed","template":"","meta":{"_acf_changed":false,"footnotes":""},"class_list":["post-1584","page","type-page","status-publish","hentry"],"acf":[],"yoast_head":"<!-- This site is optimized with the Yoast SEO plugin v27.3 - https:\/\/yoast.com\/product\/yoast-seo-wordpress\/ -->\n<title>Askeladden Boats - Askeladden Boats<\/title>\n<meta name=\"description\" content=\"Vi producerar klassledande b\u00e5tar med kompromissl\u00f6st fokus p\u00e5 design, innovation och s\u00e4kerhet. Styvare och mer solid konstruktion Skrovets inbyggda\" \/>\n<meta name=\"robots\" content=\"index, follow, max-snippet:-1, max-image-preview:large, max-video-preview:-1\" \/>\n<link rel=\"canonical\" href=\"https:\/\/www.askeladden.no\/sv\/\" \/>\n<meta property=\"og:locale\" content=\"sv_SE\" \/>\n<meta property=\"og:type\" content=\"article\" \/>\n<meta property=\"og:title\" content=\"Askeladden Boats - Askeladden Boats\" \/>\n<meta property=\"og:description\" content=\"Vi producerar klassledande b\u00e5tar med kompromissl\u00f6st fokus p\u00e5 design, innovation och s\u00e4kerhet. Styvare och mer solid konstruktion Skrovets inbyggda\" \/>\n<meta property=\"og:url\" content=\"https:\/\/www.askeladden.no\/sv\/\" \/>\n<meta property=\"og:site_name\" content=\"Askeladden Boats\" \/>\n<meta property=\"article:publisher\" content=\"https:\/\/www.facebook.com\/AskeladdenBoats\" \/>\n<meta property=\"article:modified_time\" content=\"2024-03-14T09:54:36+00:00\" \/>\n<meta property=\"og:image\" content=\"https:\/\/www.askeladden.no\/wp-content\/uploads\/2020\/10\/askeladden.jpg\" \/>\n<meta name=\"twitter:card\" content=\"summary_large_image\" \/>\n<script type=\"application\/ld+json\" class=\"yoast-schema-graph\">{\"@context\":\"https:\\\/\\\/schema.org\",\"@graph\":[{\"@type\":\"WebPage\",\"@id\":\"https:\\\/\\\/www.askeladden.no\\\/sv\\\/\",\"url\":\"https:\\\/\\\/www.askeladden.no\\\/sv\\\/\",\"name\":\"Askeladden Boats - Askeladden Boats\",\"isPartOf\":{\"@id\":\"https:\\\/\\\/www.askeladden.no\\\/sv\\\/#website\"},\"primaryImageOfPage\":{\"@id\":\"https:\\\/\\\/www.askeladden.no\\\/sv\\\/#primaryimage\"},\"image\":{\"@id\":\"https:\\\/\\\/www.askeladden.no\\\/sv\\\/#primaryimage\"},\"thumbnailUrl\":\"https:\\\/\\\/www.askeladden.no\\\/wp-content\\\/uploads\\\/2020\\\/10\\\/askeladden.jpg\",\"datePublished\":\"2020-10-15T06:56:20+00:00\",\"dateModified\":\"2024-03-14T09:54:36+00:00\",\"description\":\"Vi producerar klassledande b\u00e5tar med kompromissl\u00f6st fokus p\u00e5 design, innovation och s\u00e4kerhet. Styvare och mer solid konstruktion Skrovets inbyggda\",\"breadcrumb\":{\"@id\":\"https:\\\/\\\/www.askeladden.no\\\/sv\\\/#breadcrumb\"},\"inLanguage\":\"sv-SE\",\"potentialAction\":[{\"@type\":\"ReadAction\",\"target\":[\"https:\\\/\\\/www.askeladden.no\\\/sv\\\/\"]}]},{\"@type\":\"ImageObject\",\"inLanguage\":\"sv-SE\",\"@id\":\"https:\\\/\\\/www.askeladden.no\\\/sv\\\/#primaryimage\",\"url\":\"https:\\\/\\\/www.askeladden.no\\\/wp-content\\\/uploads\\\/2020\\\/10\\\/askeladden.jpg\",\"contentUrl\":\"https:\\\/\\\/www.askeladden.no\\\/wp-content\\\/uploads\\\/2020\\\/10\\\/askeladden.jpg\"},{\"@type\":\"BreadcrumbList\",\"@id\":\"https:\\\/\\\/www.askeladden.no\\\/sv\\\/#breadcrumb\",\"itemListElement\":[{\"@type\":\"ListItem\",\"position\":1,\"name\":\"Askeladden\",\"item\":\"https:\\\/\\\/www.askeladden.no\\\/sv\\\/\"},{\"@type\":\"ListItem\",\"position\":2,\"name\":\"Askeladden Boats\"}]},{\"@type\":\"WebSite\",\"@id\":\"https:\\\/\\\/www.askeladden.no\\\/sv\\\/#website\",\"url\":\"https:\\\/\\\/www.askeladden.no\\\/sv\\\/\",\"name\":\"Askeladden Boats\",\"description\":\"Simply better\",\"publisher\":{\"@id\":\"https:\\\/\\\/www.askeladden.no\\\/sv\\\/#organization\"},\"potentialAction\":[{\"@type\":\"SearchAction\",\"target\":{\"@type\":\"EntryPoint\",\"urlTemplate\":\"https:\\\/\\\/www.askeladden.no\\\/sv\\\/?s={search_term_string}\"},\"query-input\":{\"@type\":\"PropertyValueSpecification\",\"valueRequired\":true,\"valueName\":\"search_term_string\"}}],\"inLanguage\":\"sv-SE\"},{\"@type\":\"Organization\",\"@id\":\"https:\\\/\\\/www.askeladden.no\\\/sv\\\/#organization\",\"name\":\"Askeladden Boats\",\"url\":\"https:\\\/\\\/www.askeladden.no\\\/sv\\\/\",\"logo\":{\"@type\":\"ImageObject\",\"inLanguage\":\"sv-SE\",\"@id\":\"https:\\\/\\\/www.askeladden.no\\\/sv\\\/#\\\/schema\\\/logo\\\/image\\\/\",\"url\":\"https:\\\/\\\/www.askeladden.no\\\/wp-content\\\/uploads\\\/2020\\\/11\\\/login-logo.png\",\"contentUrl\":\"https:\\\/\\\/www.askeladden.no\\\/wp-content\\\/uploads\\\/2020\\\/11\\\/login-logo.png\",\"width\":274,\"height\":63,\"caption\":\"Askeladden Boats\"},\"image\":{\"@id\":\"https:\\\/\\\/www.askeladden.no\\\/sv\\\/#\\\/schema\\\/logo\\\/image\\\/\"},\"sameAs\":[\"https:\\\/\\\/www.facebook.com\\\/AskeladdenBoats\",\"https:\\\/\\\/www.instagram.com\\\/askeladdenboats\\\/\",\"https:\\\/\\\/www.linkedin.com\\\/company\\\/askeladden\\\/\",\"https:\\\/\\\/www.youtube.com\\\/channel\\\/UCj07MXqD_4in7BwVcT-pPWw\",\"https:\\\/\\\/no.wikipedia.org\\\/wiki\\\/Askeladden_(b\u00e5tmerke)\"]}]}<\/script>\n<!-- \/ Yoast SEO plugin. -->","yoast_head_json":{"title":"Askeladden Boats - Askeladden Boats","description":"Vi producerar klassledande b\u00e5tar med kompromissl\u00f6st fokus p\u00e5 design, innovation och s\u00e4kerhet. Styvare och mer solid konstruktion Skrovets inbyggda","robots":{"index":"index","follow":"follow","max-snippet":"max-snippet:-1","max-image-preview":"max-image-preview:large","max-video-preview":"max-video-preview:-1"},"canonical":"https:\/\/www.askeladden.no\/sv\/","og_locale":"sv_SE","og_type":"article","og_title":"Askeladden Boats - Askeladden Boats","og_description":"Vi producerar klassledande b\u00e5tar med kompromissl\u00f6st fokus p\u00e5 design, innovation och s\u00e4kerhet. Styvare och mer solid konstruktion Skrovets inbyggda","og_url":"https:\/\/www.askeladden.no\/sv\/","og_site_name":"Askeladden Boats","article_publisher":"https:\/\/www.facebook.com\/AskeladdenBoats","article_modified_time":"2024-03-14T09:54:36+00:00","og_image":[{"url":"https:\/\/www.askeladden.no\/wp-content\/uploads\/2020\/10\/askeladden.jpg","type":"","width":"","height":""}],"twitter_card":"summary_large_image","schema":{"@context":"https:\/\/schema.org","@graph":[{"@type":"WebPage","@id":"https:\/\/www.askeladden.no\/sv\/","url":"https:\/\/www.askeladden.no\/sv\/","name":"Askeladden Boats - Askeladden Boats","isPartOf":{"@id":"https:\/\/www.askeladden.no\/sv\/#website"},"primaryImageOfPage":{"@id":"https:\/\/www.askeladden.no\/sv\/#primaryimage"},"image":{"@id":"https:\/\/www.askeladden.no\/sv\/#primaryimage"},"thumbnailUrl":"https:\/\/www.askeladden.no\/wp-content\/uploads\/2020\/10\/askeladden.jpg","datePublished":"2020-10-15T06:56:20+00:00","dateModified":"2024-03-14T09:54:36+00:00","description":"Vi producerar klassledande b\u00e5tar med kompromissl\u00f6st fokus p\u00e5 design, innovation och s\u00e4kerhet. Styvare och mer solid konstruktion Skrovets inbyggda","breadcrumb":{"@id":"https:\/\/www.askeladden.no\/sv\/#breadcrumb"},"inLanguage":"sv-SE","potentialAction":[{"@type":"ReadAction","target":["https:\/\/www.askeladden.no\/sv\/"]}]},{"@type":"ImageObject","inLanguage":"sv-SE","@id":"https:\/\/www.askeladden.no\/sv\/#primaryimage","url":"https:\/\/www.askeladden.no\/wp-content\/uploads\/2020\/10\/askeladden.jpg","contentUrl":"https:\/\/www.askeladden.no\/wp-content\/uploads\/2020\/10\/askeladden.jpg"},{"@type":"BreadcrumbList","@id":"https:\/\/www.askeladden.no\/sv\/#breadcrumb","itemListElement":[{"@type":"ListItem","position":1,"name":"Askeladden","item":"https:\/\/www.askeladden.no\/sv\/"},{"@type":"ListItem","position":2,"name":"Askeladden Boats"}]},{"@type":"WebSite","@id":"https:\/\/www.askeladden.no\/sv\/#website","url":"https:\/\/www.askeladden.no\/sv\/","name":"Askeladden Boats","description":"Simply better","publisher":{"@id":"https:\/\/www.askeladden.no\/sv\/#organization"},"potentialAction":[{"@type":"SearchAction","target":{"@type":"EntryPoint","urlTemplate":"https:\/\/www.askeladden.no\/sv\/?s={search_term_string}"},"query-input":{"@type":"PropertyValueSpecification","valueRequired":true,"valueName":"search_term_string"}}],"inLanguage":"sv-SE"},{"@type":"Organization","@id":"https:\/\/www.askeladden.no\/sv\/#organization","name":"Askeladden Boats","url":"https:\/\/www.askeladden.no\/sv\/","logo":{"@type":"ImageObject","inLanguage":"sv-SE","@id":"https:\/\/www.askeladden.no\/sv\/#\/schema\/logo\/image\/","url":"https:\/\/www.askeladden.no\/wp-content\/uploads\/2020\/11\/login-logo.png","contentUrl":"https:\/\/www.askeladden.no\/wp-content\/uploads\/2020\/11\/login-logo.png","width":274,"height":63,"caption":"Askeladden Boats"},"image":{"@id":"https:\/\/www.askeladden.no\/sv\/#\/schema\/logo\/image\/"},"sameAs":["https:\/\/www.facebook.com\/AskeladdenBoats","https:\/\/www.instagram.com\/askeladdenboats\/","https:\/\/www.linkedin.com\/company\/askeladden\/","https:\/\/www.youtube.com\/channel\/UCj07MXqD_4in7BwVcT-pPWw","https:\/\/no.wikipedia.org\/wiki\/Askeladden_(b\u00e5tmerke)"]}]}},"_links":{"self":[{"href":"https:\/\/www.askeladden.no\/sv\/wp-json\/wp\/v2\/pages\/1584","targetHints":{"allow":["GET"]}}],"collection":[{"href":"https:\/\/www.askeladden.no\/sv\/wp-json\/wp\/v2\/pages"}],"about":[{"href":"https:\/\/www.askeladden.no\/sv\/wp-json\/wp\/v2\/types\/page"}],"author":[{"embeddable":true,"href":"https:\/\/www.askeladden.no\/sv\/wp-json\/wp\/v2\/users\/1"}],"replies":[{"embeddable":true,"href":"https:\/\/www.askeladden.no\/sv\/wp-json\/wp\/v2\/comments?post=1584"}],"version-history":[{"count":32,"href":"https:\/\/www.askeladden.no\/sv\/wp-json\/wp\/v2\/pages\/1584\/revisions"}],"predecessor-version":[{"id":3973,"href":"https:\/\/www.askeladden.no\/sv\/wp-json\/wp\/v2\/pages\/1584\/revisions\/3973"}],"wp:attachment":[{"href":"https:\/\/www.askeladden.no\/sv\/wp-json\/wp\/v2\/media?parent=1584"}],"curies":[{"name":"wp","href":"https:\/\/api.w.org\/{rel}","templated":true}]}}