{"id":1624,"date":"2020-10-25T16:28:09","date_gmt":"2020-10-25T15:28:09","guid":{"rendered":"https:\/\/www.askeladden.no\/?page_id=1624"},"modified":"2021-02-15T10:33:30","modified_gmt":"2021-02-15T09:33:30","slug":"om-askeladden","status":"publish","type":"page","link":"https:\/\/www.askeladden.no\/sv\/om-askeladden\/","title":{"rendered":"Om Askeladden"},"content":{"rendered":"\n<p class=\"has-text-align-center lead\">Askeladden \u00e4r Norges st\u00f6rsta tillverkare av fritidsb\u00e5tar. V\u00e5r vision \u00e4r att s\u00e4tta framtidens b\u00e5tstandard. Askeladden tillverkar klassledande b\u00e5tar med kompromissl\u00f6st fokus p\u00e5 design, innovation och s\u00e4kerhet.<\/p>\n\n\n\n<div class=\"wp-block-columns is-layout-flex wp-container-core-columns-is-layout-9d6595d7 wp-block-columns-is-layout-flex\">\n<div class=\"wp-block-column is-layout-flow wp-block-column-is-layout-flow\">\n<h3 class=\"wp-block-heading\"><strong>B\u00e5tbyggarkonst med v\u00e4rde som varar<\/strong><\/h3>\n\n\n\n<p>Askeladdens kvalitetskrav ger dig f\u00f6rdelar vare sig du skall k\u00f6pa en ny b\u00e5t och motor, eller beh\u00f6ver reservdelar och service. Vill du i framtiden byta ut din Askeladden mot en nyare modell \u00e4r Askeladdens h\u00f6ga kvalitetsstandard en garanti f\u00f6r fortsatt popularitet och h\u00f6gt inbytespris p\u00e5 din b\u00e5t.<\/p>\n<\/div>\n\n\n\n<div class=\"wp-block-column is-layout-flow wp-block-column-is-layout-flow\" style=\"flex-basis:50%\">\n<h3 class=\"wp-block-heading\">Fakta<\/h3>\n\n\n\n<ul class=\"wp-block-list\"><li>Firmanavn: Askeladden Boats AS<\/li><li>Daglig leder: Henrik J. Askvik<\/li><li>Eventyret om Askeladden b\u00e5tene startet i 1911<\/li><li>Askeladden b\u00e5tene er produsert i over 95.000 eksemplarer<\/li><li>Produserer 14 modeller fra 4 til 10 meters lengde<\/li><li>Selger b\u00e5ter i 10 land.<\/li><li>Medlem av Norboat og Norske B\u00e5tbyggeriers Landsforening<\/li><\/ul>\n<\/div>\n<\/div>\n\n\n\n<div class=\"wp-block-cover alignfull has-black-background-color has-parallax is-position-center-center\" style=\"background-image:url(https:\/\/www.askeladden.no\/wp-content\/uploads\/2020\/10\/Hovedbilde_askeladden-c83.jpg);min-height:350px;aspect-ratio:unset;\"><div class=\"wp-block-cover__inner-container is-layout-flow wp-block-cover-is-layout-flow\">\n<p class=\"has-text-align-center has-large-font-size\"><\/p>\n<\/div><\/div>\n\n\n\n<h2 class=\"has-text-align-center has-large-font-size wp-block-heading\">Askeladden &#8211; Garanterad kvalitet<\/h2>\n\n\n\n<div class=\"wp-block-columns is-layout-flex wp-container-core-columns-is-layout-9d6595d7 wp-block-columns-is-layout-flex\">\n<div class=\"wp-block-column is-layout-flow wp-block-column-is-layout-flow\">\n<h3 class=\"wp-block-heading\">Skrovgaranti<\/h3>\n\n\n\n<p>Askeladdens fritidsb\u00e5tar levereras med 5 \u00e5rs garanti p\u00e5 skrovet. F\u00f6r att garantin skall g\u00e4llam\u00e5ste b\u00e5ten vara k\u00f6pt av godk\u00e4nd \u00e5terf\u00f6rs\u00e4ljare av askeladden. Garantin g\u00e4ller inte vid kommersiell anv\u00e4ndning. Garantin f\u00f6ljer b\u00e5ten vid f\u00f6rs\u00e4ljning. (Se b\u00e5tens garantikort f\u00f6r \u00f6vriga villkor).<\/p>\n<\/div>\n\n\n\n<div class=\"wp-block-column is-layout-flow wp-block-column-is-layout-flow\">\n<h3 class=\"wp-block-heading\">Flytgaranti<\/h3>\n\n\n\n<p>Askeladdens b\u00e5tar under 6 meter fylls med flytskum. Det ger b\u00e5ten extra uppdrift och f\u00f6rhindrar att den sjunker. \u00c4ven om den fylls med vatten, med maximalt antal personer ombord, full last, full bensintank och motor. Skummet \u00e4r uppstyvande och ljudd\u00e4mpande samt best\u00e4ndigt mot olja och bensin.<\/p>\n<\/div>\n<\/div>\n\n\n\n<div class=\"wp-block-columns is-layout-flex wp-container-core-columns-is-layout-9d6595d7 wp-block-columns-is-layout-flex\">\n<div class=\"wp-block-column is-layout-flow wp-block-column-is-layout-flow\">\n<h3 class=\"wp-block-heading\">Sj\u00e4lvl\u00e4nsning<\/h3>\n\n\n\n<p>Sj\u00e4lvl\u00e4nsning kr\u00e4ver mindre tillsyn och \u00f6kar anv\u00e4ndargl\u00e4djen. Samtliga b\u00e5tar fr\u00e5n Askeladden \u00e4r sj\u00e4lvl\u00e4nsande, b\u00e5de n\u00e4r b\u00e5ten ligger still och under g\u00e5ng. B\u00e5ten \u00e4r f\u00f6rsedd med en manuell avst\u00e4ngningsventil som anv\u00e4nds vid extra stor last. Sj\u00e4lvl\u00e4nsningssystemet fungerar utan pump och backventil. En sj\u00e4lvl\u00e4nsande b\u00e5t fr\u00e5n Askeladden har full inv\u00e4ndig fribordsh\u00f6jd.<\/p>\n<\/div>\n\n\n\n<div class=\"wp-block-column is-layout-flow wp-block-column-is-layout-flow\">\n<h3 class=\"wp-block-heading\">CE-m\u00e4rkning<\/h3>\n\n\n\n<p>CE-m\u00e4rket\u00e4r det synliga beviset f\u00f6r att b\u00e5t och utrustning tillfredst\u00e4ller fritidsb\u00e5tdirektivets krav av den 16 juni 1998. Samtliga Askeladdens b\u00e5tar fr\u00e5n 1998 och fram\u00e5t \u00e4r CE-m\u00e4rkta. Leta efter CE-m\u00e4rket n\u00e4r du skall k\u00f6pa b\u00e5t.<\/p>\n<\/div>\n<\/div>\n\n\n\n<div class=\"wp-block-media-text alignwide is-stacked-on-mobile\"><figure class=\"wp-block-media-text__media\"><img loading=\"lazy\" decoding=\"async\" width=\"1024\" height=\"576\" src=\"https:\/\/www.askeladden.no\/wp-content\/uploads\/2020\/10\/p92_-_en_introduksjon00_00_41_14.still009-1-1024x576.jpg\" alt=\"\" class=\"wp-image-1282\" srcset=\"https:\/\/www.askeladden.no\/wp-content\/uploads\/2020\/10\/p92_-_en_introduksjon00_00_41_14.still009-1-1024x576.jpg 1024w, https:\/\/www.askeladden.no\/wp-content\/uploads\/2020\/10\/p92_-_en_introduksjon00_00_41_14.still009-1-300x169.jpg 300w, https:\/\/www.askeladden.no\/wp-content\/uploads\/2020\/10\/p92_-_en_introduksjon00_00_41_14.still009-1-768x432.jpg 768w, https:\/\/www.askeladden.no\/wp-content\/uploads\/2020\/10\/p92_-_en_introduksjon00_00_41_14.still009-1-1536x864.jpg 1536w, https:\/\/www.askeladden.no\/wp-content\/uploads\/2020\/10\/p92_-_en_introduksjon00_00_41_14.still009-1-1422x800.jpg 1422w, https:\/\/www.askeladden.no\/wp-content\/uploads\/2020\/10\/p92_-_en_introduksjon00_00_41_14.still009-1.jpg 1920w\" sizes=\"auto, (max-width: 1024px) 100vw, 1024px\" \/><\/figure><div class=\"wp-block-media-text__content\">\n<h4 class=\"wp-block-heading\">\u00c5terf\u00f6rs\u00e4ljare av samma kvalitet som Askeladden<\/h4>\n\n\n\n<p>Askeladden har ett stort n\u00e4tverk av \u00e5terf\u00f6rs\u00e4ljare \u00f6ver hela norden, och i storadelar av europa. De tar hand om dig som kund. Kompetenta och serviceinriktade m\u00e4nniskor \u00e4r en viktig del av totalkonceptet. N\u00e4tverket av f\u00f6rhandlare kring b\u00e5ten Askeladden h\u00e5ller samma h\u00f6ga kvalitet som v\u00e5ra fritidsb\u00e5tar.<\/p>\n\n\n\n<div class=\"wp-block-buttons aligncenter is-layout-flex wp-block-buttons-is-layout-flex\">\n<div class=\"wp-block-button is-style-outline is-style-outline--1\"><a class=\"wp-block-button__link has-white-color has-text-color has-background\" href=\"https:\/\/www.askeladden.no\/sv\/aterforsaljare\/\" style=\"background-color:#0099cc\">Finn \u00e5terf\u00f6rs\u00e4ljare \u00bb<\/a><\/div>\n<\/div>\n<\/div><\/div>\n\n\n\n<h3 class=\"wp-block-heading\">Askeladden s\u00e4tter framtidens milj\u00f6standard i b\u00e5tbranschen<\/h3>\n\n\n\n<p>\u00c4ven b\u00e5tar och livet p\u00e5 sj\u00f6n f\u00f6rorenar. Av den anledningen arbetar Askeladden med att utveckla en starkare milj\u00f6profil, med klara m\u00e5ls\u00e4ttningar f\u00f6r produktion, avfallshantering och \u00e5tervinning f\u00f6r v\u00e5ra fritidsb\u00e5tar.<\/p>\n\n\n\n<p>Askeladden fasar ut anv\u00e4ndningen av tropiska tr\u00e4slag i produktion, och i b\u00e5tinredning. Dessutom har Askeladden inf\u00f6rat \u00e5tervinningsbara transportvaggor med returpant p\u00e5 alla b\u00e5tar \u00f6ver 5 meter. P\u00e5 det s\u00e4ttet vill Askeladden g\u00e5 i spetsen som ett gott exempel och bidra till att s\u00e4tta framtidens milj\u00f6standard i b\u00e5tbranschen.<\/p>\n\n\n\n<h3 class=\"wp-block-heading\">Motorer i v\u00e4rldsklass<\/h3>\n\n\n\n<p>Med Askeladdens kvalitetskrav klarar b\u00e5tarna st\u00f6rre motorer. Utombordsmotorerna levereras av Suzuki Marine som erbjuder den mest kompletta serien av milj\u00f6v\u00e4nliga och effektiva 4-takts utombordsmotorer. Med Suzuki f\u00e5r b\u00e5tfolket den b\u00e4sta kombinationene av prestation, h\u00e5llbarhet, enkelt handhavande och livsl\u00e4ngd oavsett klass.<\/p>\n\n\n\n<h3 class=\"wp-block-heading\">Securmarkst\u00f6ldm\u00e4rkning &#8211; standard p\u00e5 alla modeller<\/h3>\n\n\n\n<p>Askeladdens fritidsb\u00e5tar har fr\u00e5n 2008 \u00e5rs modeller blivit m\u00e4rkta med Securmark st\u00f6ldskyddsm\u00e4rkning som standard. Securmark \u00e4r ett internationellt system f\u00f6r st\u00f6ldm\u00e4rkning som \u00e4retablerat i europa, nord- och sydamerika samt Australien. Under tillverkningen sprutar Askeladden in mikrom\u00e4rken p\u00e5 dolda platser i b\u00e5ten. Varje m\u00e4rke inneh\u00e5ller en unik kod, som i Securmarks centrala databas ger information om b\u00e5t, motor och \u00e4gare.<\/p>\n\n\n\n<p>Securmark g\u00f6r det enkelt att kontrollera \u00e4garf\u00f6rh\u00e5llandet vid \u00e4garbyte\/f\u00f6rs\u00e4ljning. Systemet f\u00f6rhindrar st\u00f6ld av din Askeladden genom att det har en god f\u00f6rebyggande effekt, och ser till att b\u00e5ten snabbare kommer tillbaka till den r\u00e4ttm\u00e4tiga \u00e4garen. Med Securmark st\u00f6ldskyddsm\u00e4rkning har din b\u00e5t v\u00e4l synlig varningsm\u00e4rkning som h\u00e5ller tjuvarna p\u00e5 avst\u00e5nd.<\/p>\n","protected":false},"excerpt":{"rendered":"<p>Askeladden \u00e4r Norges st\u00f6rsta tillverkare av fritidsb\u00e5tar. V\u00e5r vision \u00e4r att s\u00e4tta framtidens b\u00e5tstandard. Askeladden tillverkar klassledande b\u00e5tar med kompromissl\u00f6st fokus p\u00e5 design, innovation och s\u00e4kerhet. B\u00e5tbyggarkonst med v\u00e4rde som varar Askeladdens kvalitetskrav ger dig f\u00f6rdelar vare sig du skall k\u00f6pa en ny b\u00e5t och motor, eller beh\u00f6ver reservdelar och service. Vill du i framtiden<a class=\"excerpt-read-more\" href=\"https:\/\/www.askeladden.no\/sv\/om-askeladden\/\" title=\"L\u00e4sOm Askeladden\"> L\u00e4s mer &raquo;<\/a><\/p>\n","protected":false},"author":1,"featured_media":0,"parent":0,"menu_order":0,"comment_status":"closed","ping_status":"closed","template":"","meta":{"_acf_changed":false,"footnotes":""},"class_list":["post-1624","page","type-page","status-publish","hentry"],"acf":[],"yoast_head":"<!-- This site is optimized with the Yoast SEO plugin v27.4 - https:\/\/yoast.com\/product\/yoast-seo-wordpress\/ -->\n<title>Om Askeladden - Askeladden Boats<\/title>\n<meta name=\"description\" content=\"Askeladden \u00e4r Norges st\u00f6rsta tillverkare av fritidsb\u00e5tar. V\u00e5r vision \u00e4r att s\u00e4tta framtidens b\u00e5tstandard. Askeladden tillverkar klassledande b\u00e5tar med\" \/>\n<meta name=\"robots\" content=\"index, follow, max-snippet:-1, max-image-preview:large, max-video-preview:-1\" \/>\n<link rel=\"canonical\" href=\"https:\/\/www.askeladden.no\/sv\/om-askeladden\/\" \/>\n<meta property=\"og:locale\" content=\"sv_SE\" \/>\n<meta property=\"og:type\" content=\"article\" \/>\n<meta property=\"og:title\" content=\"Om Askeladden - Askeladden Boats\" \/>\n<meta property=\"og:description\" content=\"Askeladden \u00e4r Norges st\u00f6rsta tillverkare av fritidsb\u00e5tar. V\u00e5r vision \u00e4r att s\u00e4tta framtidens b\u00e5tstandard. Askeladden tillverkar klassledande b\u00e5tar med\" \/>\n<meta property=\"og:url\" content=\"https:\/\/www.askeladden.no\/sv\/om-askeladden\/\" \/>\n<meta property=\"og:site_name\" content=\"Askeladden Boats\" \/>\n<meta property=\"article:publisher\" content=\"https:\/\/www.facebook.com\/AskeladdenBoats\" \/>\n<meta property=\"article:modified_time\" content=\"2021-02-15T09:33:30+00:00\" \/>\n<meta property=\"og:image\" content=\"https:\/\/www.askeladden.no\/wp-content\/uploads\/2020\/10\/p92_-_en_introduksjon00_00_41_14.still009-1-1024x576.jpg\" \/>\n<meta name=\"twitter:card\" content=\"summary_large_image\" \/>\n<meta name=\"twitter:label1\" content=\"Ber\u00e4knad l\u00e4stid\" \/>\n\t<meta name=\"twitter:data1\" content=\"3 minuter\" \/>\n<script type=\"application\/ld+json\" class=\"yoast-schema-graph\">{\"@context\":\"https:\\\/\\\/schema.org\",\"@graph\":[{\"@type\":\"WebPage\",\"@id\":\"https:\\\/\\\/www.askeladden.no\\\/sv\\\/om-askeladden\\\/\",\"url\":\"https:\\\/\\\/www.askeladden.no\\\/sv\\\/om-askeladden\\\/\",\"name\":\"Om Askeladden - Askeladden Boats\",\"isPartOf\":{\"@id\":\"https:\\\/\\\/www.askeladden.no\\\/sv\\\/#website\"},\"primaryImageOfPage\":{\"@id\":\"https:\\\/\\\/www.askeladden.no\\\/sv\\\/om-askeladden\\\/#primaryimage\"},\"image\":{\"@id\":\"https:\\\/\\\/www.askeladden.no\\\/sv\\\/om-askeladden\\\/#primaryimage\"},\"thumbnailUrl\":\"https:\\\/\\\/www.askeladden.no\\\/wp-content\\\/uploads\\\/2020\\\/10\\\/p92_-_en_introduksjon00_00_41_14.still009-1-1024x576.jpg\",\"datePublished\":\"2020-10-25T15:28:09+00:00\",\"dateModified\":\"2021-02-15T09:33:30+00:00\",\"description\":\"Askeladden \u00e4r Norges st\u00f6rsta tillverkare av fritidsb\u00e5tar. V\u00e5r vision \u00e4r att s\u00e4tta framtidens b\u00e5tstandard. Askeladden tillverkar klassledande b\u00e5tar med\",\"breadcrumb\":{\"@id\":\"https:\\\/\\\/www.askeladden.no\\\/sv\\\/om-askeladden\\\/#breadcrumb\"},\"inLanguage\":\"sv-SE\",\"potentialAction\":[{\"@type\":\"ReadAction\",\"target\":[\"https:\\\/\\\/www.askeladden.no\\\/sv\\\/om-askeladden\\\/\"]}]},{\"@type\":\"ImageObject\",\"inLanguage\":\"sv-SE\",\"@id\":\"https:\\\/\\\/www.askeladden.no\\\/sv\\\/om-askeladden\\\/#primaryimage\",\"url\":\"https:\\\/\\\/www.askeladden.no\\\/wp-content\\\/uploads\\\/2020\\\/10\\\/p92_-_en_introduksjon00_00_41_14.still009-1-1024x576.jpg\",\"contentUrl\":\"https:\\\/\\\/www.askeladden.no\\\/wp-content\\\/uploads\\\/2020\\\/10\\\/p92_-_en_introduksjon00_00_41_14.still009-1-1024x576.jpg\"},{\"@type\":\"BreadcrumbList\",\"@id\":\"https:\\\/\\\/www.askeladden.no\\\/sv\\\/om-askeladden\\\/#breadcrumb\",\"itemListElement\":[{\"@type\":\"ListItem\",\"position\":1,\"name\":\"Askeladden\",\"item\":\"https:\\\/\\\/www.askeladden.no\\\/sv\\\/\"},{\"@type\":\"ListItem\",\"position\":2,\"name\":\"Om Askeladden\"}]},{\"@type\":\"WebSite\",\"@id\":\"https:\\\/\\\/www.askeladden.no\\\/sv\\\/#website\",\"url\":\"https:\\\/\\\/www.askeladden.no\\\/sv\\\/\",\"name\":\"Askeladden Boats\",\"description\":\"Simply better\",\"publisher\":{\"@id\":\"https:\\\/\\\/www.askeladden.no\\\/sv\\\/#organization\"},\"potentialAction\":[{\"@type\":\"SearchAction\",\"target\":{\"@type\":\"EntryPoint\",\"urlTemplate\":\"https:\\\/\\\/www.askeladden.no\\\/sv\\\/?s={search_term_string}\"},\"query-input\":{\"@type\":\"PropertyValueSpecification\",\"valueRequired\":true,\"valueName\":\"search_term_string\"}}],\"inLanguage\":\"sv-SE\"},{\"@type\":\"Organization\",\"@id\":\"https:\\\/\\\/www.askeladden.no\\\/sv\\\/#organization\",\"name\":\"Askeladden Boats\",\"url\":\"https:\\\/\\\/www.askeladden.no\\\/sv\\\/\",\"logo\":{\"@type\":\"ImageObject\",\"inLanguage\":\"sv-SE\",\"@id\":\"https:\\\/\\\/www.askeladden.no\\\/sv\\\/#\\\/schema\\\/logo\\\/image\\\/\",\"url\":\"https:\\\/\\\/www.askeladden.no\\\/wp-content\\\/uploads\\\/2020\\\/11\\\/login-logo.png\",\"contentUrl\":\"https:\\\/\\\/www.askeladden.no\\\/wp-content\\\/uploads\\\/2020\\\/11\\\/login-logo.png\",\"width\":274,\"height\":63,\"caption\":\"Askeladden Boats\"},\"image\":{\"@id\":\"https:\\\/\\\/www.askeladden.no\\\/sv\\\/#\\\/schema\\\/logo\\\/image\\\/\"},\"sameAs\":[\"https:\\\/\\\/www.facebook.com\\\/AskeladdenBoats\",\"https:\\\/\\\/www.instagram.com\\\/askeladdenboats\\\/\",\"https:\\\/\\\/www.linkedin.com\\\/company\\\/askeladden\\\/\",\"https:\\\/\\\/www.youtube.com\\\/channel\\\/UCj07MXqD_4in7BwVcT-pPWw\",\"https:\\\/\\\/no.wikipedia.org\\\/wiki\\\/Askeladden_(b\u00e5tmerke)\"]}]}<\/script>\n<!-- \/ Yoast SEO plugin. -->","yoast_head_json":{"title":"Om Askeladden - Askeladden Boats","description":"Askeladden \u00e4r Norges st\u00f6rsta tillverkare av fritidsb\u00e5tar. V\u00e5r vision \u00e4r att s\u00e4tta framtidens b\u00e5tstandard. Askeladden tillverkar klassledande b\u00e5tar med","robots":{"index":"index","follow":"follow","max-snippet":"max-snippet:-1","max-image-preview":"max-image-preview:large","max-video-preview":"max-video-preview:-1"},"canonical":"https:\/\/www.askeladden.no\/sv\/om-askeladden\/","og_locale":"sv_SE","og_type":"article","og_title":"Om Askeladden - Askeladden Boats","og_description":"Askeladden \u00e4r Norges st\u00f6rsta tillverkare av fritidsb\u00e5tar. V\u00e5r vision \u00e4r att s\u00e4tta framtidens b\u00e5tstandard. Askeladden tillverkar klassledande b\u00e5tar med","og_url":"https:\/\/www.askeladden.no\/sv\/om-askeladden\/","og_site_name":"Askeladden Boats","article_publisher":"https:\/\/www.facebook.com\/AskeladdenBoats","article_modified_time":"2021-02-15T09:33:30+00:00","og_image":[{"url":"https:\/\/www.askeladden.no\/wp-content\/uploads\/2020\/10\/p92_-_en_introduksjon00_00_41_14.still009-1-1024x576.jpg","type":"","width":"","height":""}],"twitter_card":"summary_large_image","twitter_misc":{"Ber\u00e4knad l\u00e4stid":"3 minuter"},"schema":{"@context":"https:\/\/schema.org","@graph":[{"@type":"WebPage","@id":"https:\/\/www.askeladden.no\/sv\/om-askeladden\/","url":"https:\/\/www.askeladden.no\/sv\/om-askeladden\/","name":"Om Askeladden - Askeladden Boats","isPartOf":{"@id":"https:\/\/www.askeladden.no\/sv\/#website"},"primaryImageOfPage":{"@id":"https:\/\/www.askeladden.no\/sv\/om-askeladden\/#primaryimage"},"image":{"@id":"https:\/\/www.askeladden.no\/sv\/om-askeladden\/#primaryimage"},"thumbnailUrl":"https:\/\/www.askeladden.no\/wp-content\/uploads\/2020\/10\/p92_-_en_introduksjon00_00_41_14.still009-1-1024x576.jpg","datePublished":"2020-10-25T15:28:09+00:00","dateModified":"2021-02-15T09:33:30+00:00","description":"Askeladden \u00e4r Norges st\u00f6rsta tillverkare av fritidsb\u00e5tar. V\u00e5r vision \u00e4r att s\u00e4tta framtidens b\u00e5tstandard. Askeladden tillverkar klassledande b\u00e5tar med","breadcrumb":{"@id":"https:\/\/www.askeladden.no\/sv\/om-askeladden\/#breadcrumb"},"inLanguage":"sv-SE","potentialAction":[{"@type":"ReadAction","target":["https:\/\/www.askeladden.no\/sv\/om-askeladden\/"]}]},{"@type":"ImageObject","inLanguage":"sv-SE","@id":"https:\/\/www.askeladden.no\/sv\/om-askeladden\/#primaryimage","url":"https:\/\/www.askeladden.no\/wp-content\/uploads\/2020\/10\/p92_-_en_introduksjon00_00_41_14.still009-1-1024x576.jpg","contentUrl":"https:\/\/www.askeladden.no\/wp-content\/uploads\/2020\/10\/p92_-_en_introduksjon00_00_41_14.still009-1-1024x576.jpg"},{"@type":"BreadcrumbList","@id":"https:\/\/www.askeladden.no\/sv\/om-askeladden\/#breadcrumb","itemListElement":[{"@type":"ListItem","position":1,"name":"Askeladden","item":"https:\/\/www.askeladden.no\/sv\/"},{"@type":"ListItem","position":2,"name":"Om Askeladden"}]},{"@type":"WebSite","@id":"https:\/\/www.askeladden.no\/sv\/#website","url":"https:\/\/www.askeladden.no\/sv\/","name":"Askeladden Boats","description":"Simply better","publisher":{"@id":"https:\/\/www.askeladden.no\/sv\/#organization"},"potentialAction":[{"@type":"SearchAction","target":{"@type":"EntryPoint","urlTemplate":"https:\/\/www.askeladden.no\/sv\/?s={search_term_string}"},"query-input":{"@type":"PropertyValueSpecification","valueRequired":true,"valueName":"search_term_string"}}],"inLanguage":"sv-SE"},{"@type":"Organization","@id":"https:\/\/www.askeladden.no\/sv\/#organization","name":"Askeladden Boats","url":"https:\/\/www.askeladden.no\/sv\/","logo":{"@type":"ImageObject","inLanguage":"sv-SE","@id":"https:\/\/www.askeladden.no\/sv\/#\/schema\/logo\/image\/","url":"https:\/\/www.askeladden.no\/wp-content\/uploads\/2020\/11\/login-logo.png","contentUrl":"https:\/\/www.askeladden.no\/wp-content\/uploads\/2020\/11\/login-logo.png","width":274,"height":63,"caption":"Askeladden Boats"},"image":{"@id":"https:\/\/www.askeladden.no\/sv\/#\/schema\/logo\/image\/"},"sameAs":["https:\/\/www.facebook.com\/AskeladdenBoats","https:\/\/www.instagram.com\/askeladdenboats\/","https:\/\/www.linkedin.com\/company\/askeladden\/","https:\/\/www.youtube.com\/channel\/UCj07MXqD_4in7BwVcT-pPWw","https:\/\/no.wikipedia.org\/wiki\/Askeladden_(b\u00e5tmerke)"]}]}},"_links":{"self":[{"href":"https:\/\/www.askeladden.no\/sv\/wp-json\/wp\/v2\/pages\/1624","targetHints":{"allow":["GET"]}}],"collection":[{"href":"https:\/\/www.askeladden.no\/sv\/wp-json\/wp\/v2\/pages"}],"about":[{"href":"https:\/\/www.askeladden.no\/sv\/wp-json\/wp\/v2\/types\/page"}],"author":[{"embeddable":true,"href":"https:\/\/www.askeladden.no\/sv\/wp-json\/wp\/v2\/users\/1"}],"replies":[{"embeddable":true,"href":"https:\/\/www.askeladden.no\/sv\/wp-json\/wp\/v2\/comments?post=1624"}],"version-history":[{"count":10,"href":"https:\/\/www.askeladden.no\/sv\/wp-json\/wp\/v2\/pages\/1624\/revisions"}],"predecessor-version":[{"id":2187,"href":"https:\/\/www.askeladden.no\/sv\/wp-json\/wp\/v2\/pages\/1624\/revisions\/2187"}],"wp:attachment":[{"href":"https:\/\/www.askeladden.no\/sv\/wp-json\/wp\/v2\/media?parent=1624"}],"curies":[{"name":"wp","href":"https:\/\/api.w.org\/{rel}","templated":true}]}}