{"id":2029,"date":"2020-11-02T11:39:11","date_gmt":"2020-11-02T10:39:11","guid":{"rendered":"https:\/\/www.askeladden.no\/?page_id=2029"},"modified":"2022-01-17T14:56:08","modified_gmt":"2022-01-17T13:56:08","slug":"p-serien-komplette-bruksbater","status":"publish","type":"page","link":"https:\/\/www.askeladden.no\/sv\/p-serien-komplette-bruksbater\/","title":{"rendered":"Askeladdens nye P-serie: Komplette cruising- og bruksb\u00e5ter for norsk sj\u00f8"},"content":{"rendered":"\n<p><strong>Den nye P-serien til Askeladden er gjennomf\u00f8rte hel\u00e5rsb\u00e5ter for nordisk bruk \u2013 like god til fisketur som til soling.<\/strong><\/p>\n\n\n\n<p>\u00c5 bygge en norsk fritidsb\u00e5t betyr at man m\u00e5 ha mange tanker i hodet samtidig. Den norske fritidsbrukeren trenger en allsidig hel\u00e5rsb\u00e5t, og en b\u00e5t som er fungerer like bra til sol og bading som til trekking av garn og hummerfiske.<\/p>\n\n\n\n<p>Med v\u00e5r P-serie kan du enkelt tilpasse b\u00e5ten etter bruk, med bevegelige moduler p\u00e5 akterdekket. Slik at du kan ha en sosial b\u00e5t med masse sitteplass p\u00e5 de varme soldagene, og en \u00e5pen og brukervennlig b\u00e5t til fiske, teinehaling og dykking n\u00e5r du \u00f8nsker det.<\/p>\n\n\n\n<p>V\u00e5re nye P-serieb\u00e5ter kan ogs\u00e5 leveres med en unik takl\u00f8sning \u2013 alle tre b\u00e5tene kan leveres med elektrisk soft top over pilothuset, og P92 SUV kan du f\u00e5r med Extended Hard Top. <br>Dette er v\u00e5r anbefalte l\u00f8sning for norsk fritidsbruk, og gir deg mulighet for \u00e5 enkelt lukke akterdekket med kalesjegardiner. Extended Hard Top finnes i ulike utf\u00f8relser: selvb\u00e6rende glassfibertak, skylight i herdet glass, eller som elektrisk soft top.<\/p>\n\n\n\n<div class=\"wp-block-buttons is-content-justification-center is-layout-flex wp-block-buttons-is-layout-flex\">\n<div class=\"wp-block-button\"><a class=\"btn-forhandler wp-block-button__link\" href=\"https:\/\/www.askeladden.no\/forhandlere\/\">V\u00e5re forhandlere<\/a><\/div>\n<\/div>\n\n\n\n<div style=\"height:48px\" aria-hidden=\"true\" class=\"wp-block-spacer\"><\/div>\n\n\n\n<div class=\"wp-block-columns is-layout-flex wp-container-core-columns-is-layout-9d6595d7 wp-block-columns-is-layout-flex\">\n<div class=\"wp-block-column is-layout-flow wp-block-column-is-layout-flow\">\n<h2 class=\"wp-block-heading\">Askeladden P92 SUV<\/h2>\n\n\n\n<p>P92 SUV har et gigantisk akterdekk for klassen, og med v\u00e5rt modulsystem kan du enkelt velge mellom \u00e5 ha plass til hele vennegjengen, eller en romslig og praktisk fiske- eller transportb\u00e5t. Alle modulene er uavhengige av hverandre, s\u00e5 her er det sv\u00e6rt mange muligheter for egne tilpasninger.<\/p>\n\n\n\n<p>Sittegruppen bak, n\u00e5r alle modulene er p\u00e5 plass, fungerer som et sosialt day-cruiser-dekk. Med solsenger, bord og masse sitteplass. Under dekk finner du gode, komfortable l\u00f8sninger for  pantry, overnatting og toalettfasiliteter, som i en stor cruiser. <\/p>\n\n\n\n<div class=\"wp-block-buttons is-content-justification-center is-layout-flex wp-block-buttons-is-layout-flex\">\n<div class=\"wp-block-button\"><a class=\"btn-kampanjelink wp-block-button__link\" href=\"https:\/\/www.askeladden.no\/modeller\/askeladden-p92-suv\/\">Les mer: P92 SUV<\/a><\/div>\n<\/div>\n<\/div>\n\n\n\n<div class=\"wp-block-column is-layout-flow wp-block-column-is-layout-flow\">\n<figure class=\"wp-block-embed aligncenter is-type-video is-provider-youtube wp-block-embed-youtube wp-embed-aspect-16-9 wp-has-aspect-ratio\"><div class=\"wp-block-embed__wrapper\">\n<iframe loading=\"lazy\" title=\"Askeladden P92 SUV \u2013 perfekt for nordisk sommer\" width=\"1360\" height=\"765\" src=\"https:\/\/www.youtube.com\/embed\/GFnUTUkTi10?feature=oembed\" frameborder=\"0\" allow=\"accelerometer; autoplay; clipboard-write; encrypted-media; gyroscope; picture-in-picture\" allowfullscreen><\/iframe>\n<\/div><\/figure>\n\n\n\n<figure class=\"wp-block-embed aligncenter is-type-video is-provider-youtube wp-block-embed-youtube wp-embed-aspect-16-9 wp-has-aspect-ratio\"><div class=\"wp-block-embed__wrapper\">\n<iframe loading=\"lazy\" title=\"Askeladden P92 SUV - Extended Hard Top\" width=\"1360\" height=\"765\" src=\"https:\/\/www.youtube.com\/embed\/5l4FZvDdMsM?feature=oembed\" frameborder=\"0\" allow=\"accelerometer; autoplay; clipboard-write; encrypted-media; gyroscope; picture-in-picture\" allowfullscreen><\/iframe>\n<\/div><\/figure>\n\n\n\n<div class=\"wp-block-buttons is-content-justification-center is-layout-flex wp-block-buttons-is-layout-flex\"><\/div>\n<\/div>\n<\/div>\n\n\n\n<div class=\"wp-block-columns is-layout-flex wp-container-core-columns-is-layout-9d6595d7 wp-block-columns-is-layout-flex\">\n<div class=\"wp-block-column is-layout-flow wp-block-column-is-layout-flow\">\n<h2 class=\"wp-block-heading\">Askeladden P79 Weekend<\/h2>\n\n\n\n<p>Askeladden P79 Weekend markerte et generasjonsskifte innen lukkede styrhusb\u00e5ter for det nordiske markedet. Et overordnet m\u00e5l for P79 Weekend var \u00e5 gj\u00f8re b\u00e5ten til en funksjonell og behagelig for dagsturer og overnattinger. Derfor er mye planlegging lagt i komforten for f\u00f8rer og passasjerer.<\/p>\n\n\n\n<p>I den nye P79 Weekend sitter alle passasjerene komfortabelt, med god oversikt. Skal man tilberede et enkelt m\u00e5ltid, lar dette seg faktisk gjennomf\u00f8re, og f\u00f8reren tilbys et ordentlig oversiktlig og ergonomisk riktig utformet f\u00f8rermilj\u00f8. I tillegg har b\u00e5ten en lukket forkabin, gode toalettfasiliteter og behagelige og romslige k\u00f8yer.<\/p>\n\n\n\n<p>P79 har ogs\u00e5 flyttbare, uavhengige moduler p\u00e5 det store akterdekket, slik at du ogs\u00e5 her kan endre b\u00e5tens oppsett etter eget bruk \u2013 fra sosial sittegruppe til arbeidsb\u00e5t.<\/p>\n\n\n\n<div class=\"wp-block-buttons is-content-justification-center is-layout-flex wp-block-buttons-is-layout-flex\">\n<div class=\"wp-block-button\"><a class=\"btn-kampanjelink wp-block-button__link\" href=\"https:\/\/www.askeladden.no\/modeller\/askeladden-p79-weekend\/\">Les mer: P79 Weekend<\/a><\/div>\n<\/div>\n<\/div>\n\n\n\n<div class=\"wp-block-column is-layout-flow wp-block-column-is-layout-flow\">\n<figure class=\"wp-block-embed aligncenter is-type-video is-provider-youtube wp-block-embed-youtube wp-embed-aspect-16-9 wp-has-aspect-ratio\"><div class=\"wp-block-embed__wrapper\">\n<iframe loading=\"lazy\" title=\"Askeladden P79 Weekend\" width=\"1360\" height=\"765\" src=\"https:\/\/www.youtube.com\/embed\/FL-imJzrci8?feature=oembed\" frameborder=\"0\" allow=\"accelerometer; autoplay; clipboard-write; encrypted-media; gyroscope; picture-in-picture\" allowfullscreen><\/iframe>\n<\/div><\/figure>\n\n\n\n<div class=\"wp-block-buttons is-content-justification-center is-layout-flex wp-block-buttons-is-layout-flex\"><\/div>\n\n\n\n<p><\/p>\n<\/div>\n<\/div>\n\n\n\n<div class=\"wp-block-columns is-layout-flex wp-container-core-columns-is-layout-9d6595d7 wp-block-columns-is-layout-flex\">\n<div class=\"wp-block-column is-layout-flow wp-block-column-is-layout-flow\">\n<h2 class=\"wp-block-heading\">Askeladden P76 Weekend<\/h2>\n\n\n\n<p>En litt mindre versjon av stores\u00f8ster P79, som ikke lar st\u00f8rrelsen p\u00e5virke bruksglede eller komfort.<br>I tillegg kommer P76 med v\u00e5rt helt nye takkonsept \u2013 et langt selvb\u00e6rende tak som gir helt nye muligheter for \u00e5pning og lukking av akterdekket. <\/p>\n\n\n\n<p>Taket er designet for nordiske vinterforhold, og er beregnet for \u00e5 kunne b\u00e6re sn\u00f8last, noe som er en del av den nordiske vinterbruken.<\/p>\n\n\n\n<p>Layout og innredning f\u00f8lger i samme fotspor som P92 SUV og P79 Weekend, selv om denne b\u00e5ten er mer en dagstur- og weekendb\u00e5t enn en turb\u00e5t, slik som sine st\u00f8rre s\u00f8sken.<br>B\u00e5tkonseptet er optimalt for aktivt hobby- og fritidsfiske, vannsport, turkj\u00f8ring og enkle overnattinger.<\/p>\n\n\n\n<div class=\"wp-block-buttons is-content-justification-center is-layout-flex wp-block-buttons-is-layout-flex\">\n<div class=\"wp-block-button\"><a class=\"btn-kampanjelink wp-block-button__link\" href=\"https:\/\/www.askeladden.no\/modeller\/askeladden-p76-weekend\/\">Les mer: P76 Weekend<\/a><\/div>\n<\/div>\n<\/div>\n\n\n\n<div class=\"wp-block-column is-layout-flow wp-block-column-is-layout-flow\">\n<figure class=\"wp-block-embed aligncenter is-type-video is-provider-youtube wp-block-embed-youtube wp-embed-aspect-16-9 wp-has-aspect-ratio\"><div class=\"wp-block-embed__wrapper\">\n<iframe loading=\"lazy\" title=\"Askeladden P76 Weekend\" width=\"1360\" height=\"765\" src=\"https:\/\/www.youtube.com\/embed\/xRDiCCn-x9o?feature=oembed\" frameborder=\"0\" allow=\"accelerometer; autoplay; clipboard-write; encrypted-media; gyroscope; picture-in-picture\" allowfullscreen><\/iframe>\n<\/div><\/figure>\n\n\n\n<div class=\"wp-block-buttons is-content-justification-center is-layout-flex wp-block-buttons-is-layout-flex\"><\/div>\n<\/div>\n<\/div>\n\n\n\n<h3 class=\"has-text-align-center wp-block-heading\">Finn din n\u00e6rmeste forhandler:<\/h3>\n\n\n\n<div class=\"wp-block-buttons is-content-justification-center is-layout-flex wp-block-buttons-is-layout-flex\">\n<div class=\"wp-block-button\"><a class=\"btn-forhandler wp-block-button__link\" href=\"https:\/\/www.askeladden.no\/forhandlere\/\">Finn din forhandler \u00bb<\/a><\/div>\n<\/div>\n\n\n\n<div style=\"height:50px\" aria-hidden=\"true\" class=\"wp-block-spacer\"><\/div>\n\n\n\n<p><\/p>\n","protected":false},"excerpt":{"rendered":"<p>Den nye P-serien til Askeladden er gjennomf\u00f8rte hel\u00e5rsb\u00e5ter for nordisk bruk \u2013 like god til fisketur som til soling. \u00c5 bygge en norsk fritidsb\u00e5t betyr at man m\u00e5 ha mange tanker i hodet samtidig. Den norske fritidsbrukeren trenger en allsidig hel\u00e5rsb\u00e5t, og en b\u00e5t som er fungerer like bra til sol og bading som til<a class=\"excerpt-read-more\" href=\"https:\/\/www.askeladden.no\/sv\/p-serien-komplette-bruksbater\/\" title=\"L\u00e4sAskeladdens nye P-serie: Komplette cruising- og bruksb\u00e5ter for norsk sj\u00f8\"> L\u00e4s mer &raquo;<\/a><\/p>\n","protected":false},"author":1,"featured_media":1291,"parent":0,"menu_order":0,"comment_status":"closed","ping_status":"closed","template":"","meta":{"_acf_changed":false,"footnotes":""},"class_list":["post-2029","page","type-page","status-publish","has-post-thumbnail","hentry"],"acf":[],"yoast_head":"<!-- This site is optimized with the Yoast SEO plugin v27.4 - https:\/\/yoast.com\/product\/yoast-seo-wordpress\/ -->\n<title>Askeladdens nye P-serie: Komplette cruising- og bruksb\u00e5ter for norsk sj\u00f8 - Askeladden Boats<\/title>\n<meta name=\"description\" content=\"Den nye P-serien til Askeladden er gjennomf\u00f8rte hel\u00e5rsb\u00e5ter for nordisk bruk \u2013 like god til fisketur som til soling.\" \/>\n<meta name=\"robots\" content=\"index, follow, max-snippet:-1, max-image-preview:large, max-video-preview:-1\" \/>\n<link rel=\"canonical\" href=\"https:\/\/www.askeladden.no\/sv\/p-serien-komplette-bruksbater\/\" \/>\n<meta property=\"og:locale\" content=\"sv_SE\" \/>\n<meta property=\"og:type\" content=\"article\" \/>\n<meta property=\"og:title\" content=\"Askeladdens nye P-serie: Komplette cruising- og bruksb\u00e5ter for norsk sj\u00f8 - Askeladden Boats\" \/>\n<meta property=\"og:description\" content=\"Den nye P-serien til Askeladden er gjennomf\u00f8rte hel\u00e5rsb\u00e5ter for nordisk bruk \u2013 like god til fisketur som til soling.\" \/>\n<meta property=\"og:url\" content=\"https:\/\/www.askeladden.no\/sv\/p-serien-komplette-bruksbater\/\" \/>\n<meta property=\"og:site_name\" content=\"Askeladden Boats\" \/>\n<meta property=\"article:publisher\" content=\"https:\/\/www.facebook.com\/AskeladdenBoats\" \/>\n<meta property=\"article:modified_time\" content=\"2022-01-17T13:56:08+00:00\" \/>\n<meta property=\"og:image\" content=\"https:\/\/www.askeladden.no\/wp-content\/uploads\/2020\/10\/p92_-_en_introduksjon00_01_09_15.still016-1.jpg\" \/>\n\t<meta property=\"og:image:width\" content=\"1920\" \/>\n\t<meta property=\"og:image:height\" content=\"1080\" \/>\n\t<meta property=\"og:image:type\" content=\"image\/jpeg\" \/>\n<meta name=\"twitter:card\" content=\"summary_large_image\" \/>\n<meta name=\"twitter:label1\" content=\"Ber\u00e4knad l\u00e4stid\" \/>\n\t<meta name=\"twitter:data1\" content=\"3 minuter\" \/>\n<script type=\"application\/ld+json\" class=\"yoast-schema-graph\">{\"@context\":\"https:\\\/\\\/schema.org\",\"@graph\":[{\"@type\":\"WebPage\",\"@id\":\"https:\\\/\\\/www.askeladden.no\\\/sv\\\/p-serien-komplette-bruksbater\\\/\",\"url\":\"https:\\\/\\\/www.askeladden.no\\\/sv\\\/p-serien-komplette-bruksbater\\\/\",\"name\":\"Askeladdens nye P-serie: Komplette cruising- og bruksb\u00e5ter for norsk sj\u00f8 - Askeladden Boats\",\"isPartOf\":{\"@id\":\"https:\\\/\\\/www.askeladden.no\\\/sv\\\/#website\"},\"primaryImageOfPage\":{\"@id\":\"https:\\\/\\\/www.askeladden.no\\\/sv\\\/p-serien-komplette-bruksbater\\\/#primaryimage\"},\"image\":{\"@id\":\"https:\\\/\\\/www.askeladden.no\\\/sv\\\/p-serien-komplette-bruksbater\\\/#primaryimage\"},\"thumbnailUrl\":\"https:\\\/\\\/www.askeladden.no\\\/wp-content\\\/uploads\\\/2020\\\/10\\\/p92_-_en_introduksjon00_01_09_15.still016-1.jpg\",\"datePublished\":\"2020-11-02T10:39:11+00:00\",\"dateModified\":\"2022-01-17T13:56:08+00:00\",\"description\":\"Den nye P-serien til Askeladden er gjennomf\u00f8rte hel\u00e5rsb\u00e5ter for nordisk bruk \u2013 like god til fisketur som til soling.\",\"breadcrumb\":{\"@id\":\"https:\\\/\\\/www.askeladden.no\\\/sv\\\/p-serien-komplette-bruksbater\\\/#breadcrumb\"},\"inLanguage\":\"sv-SE\",\"potentialAction\":[{\"@type\":\"ReadAction\",\"target\":[\"https:\\\/\\\/www.askeladden.no\\\/sv\\\/p-serien-komplette-bruksbater\\\/\"]}]},{\"@type\":\"ImageObject\",\"inLanguage\":\"sv-SE\",\"@id\":\"https:\\\/\\\/www.askeladden.no\\\/sv\\\/p-serien-komplette-bruksbater\\\/#primaryimage\",\"url\":\"https:\\\/\\\/www.askeladden.no\\\/wp-content\\\/uploads\\\/2020\\\/10\\\/p92_-_en_introduksjon00_01_09_15.still016-1.jpg\",\"contentUrl\":\"https:\\\/\\\/www.askeladden.no\\\/wp-content\\\/uploads\\\/2020\\\/10\\\/p92_-_en_introduksjon00_01_09_15.still016-1.jpg\",\"width\":1920,\"height\":1080,\"caption\":\"B\u00e5ten Askeladden P92 SUV som kj\u00f8rer p\u00e5 sj\u00f8en\"},{\"@type\":\"BreadcrumbList\",\"@id\":\"https:\\\/\\\/www.askeladden.no\\\/sv\\\/p-serien-komplette-bruksbater\\\/#breadcrumb\",\"itemListElement\":[{\"@type\":\"ListItem\",\"position\":1,\"name\":\"Askeladden\",\"item\":\"https:\\\/\\\/www.askeladden.no\\\/sv\\\/\"},{\"@type\":\"ListItem\",\"position\":2,\"name\":\"Askeladdens nye P-serie: Komplette cruising- og bruksb\u00e5ter for norsk sj\u00f8\"}]},{\"@type\":\"WebSite\",\"@id\":\"https:\\\/\\\/www.askeladden.no\\\/sv\\\/#website\",\"url\":\"https:\\\/\\\/www.askeladden.no\\\/sv\\\/\",\"name\":\"Askeladden Boats\",\"description\":\"Simply better\",\"publisher\":{\"@id\":\"https:\\\/\\\/www.askeladden.no\\\/sv\\\/#organization\"},\"potentialAction\":[{\"@type\":\"SearchAction\",\"target\":{\"@type\":\"EntryPoint\",\"urlTemplate\":\"https:\\\/\\\/www.askeladden.no\\\/sv\\\/?s={search_term_string}\"},\"query-input\":{\"@type\":\"PropertyValueSpecification\",\"valueRequired\":true,\"valueName\":\"search_term_string\"}}],\"inLanguage\":\"sv-SE\"},{\"@type\":\"Organization\",\"@id\":\"https:\\\/\\\/www.askeladden.no\\\/sv\\\/#organization\",\"name\":\"Askeladden Boats\",\"url\":\"https:\\\/\\\/www.askeladden.no\\\/sv\\\/\",\"logo\":{\"@type\":\"ImageObject\",\"inLanguage\":\"sv-SE\",\"@id\":\"https:\\\/\\\/www.askeladden.no\\\/sv\\\/#\\\/schema\\\/logo\\\/image\\\/\",\"url\":\"https:\\\/\\\/www.askeladden.no\\\/wp-content\\\/uploads\\\/2020\\\/11\\\/login-logo.png\",\"contentUrl\":\"https:\\\/\\\/www.askeladden.no\\\/wp-content\\\/uploads\\\/2020\\\/11\\\/login-logo.png\",\"width\":274,\"height\":63,\"caption\":\"Askeladden Boats\"},\"image\":{\"@id\":\"https:\\\/\\\/www.askeladden.no\\\/sv\\\/#\\\/schema\\\/logo\\\/image\\\/\"},\"sameAs\":[\"https:\\\/\\\/www.facebook.com\\\/AskeladdenBoats\",\"https:\\\/\\\/www.instagram.com\\\/askeladdenboats\\\/\",\"https:\\\/\\\/www.linkedin.com\\\/company\\\/askeladden\\\/\",\"https:\\\/\\\/www.youtube.com\\\/channel\\\/UCj07MXqD_4in7BwVcT-pPWw\",\"https:\\\/\\\/no.wikipedia.org\\\/wiki\\\/Askeladden_(b\u00e5tmerke)\"]}]}<\/script>\n<!-- \/ Yoast SEO plugin. -->","yoast_head_json":{"title":"Askeladdens nye P-serie: Komplette cruising- og bruksb\u00e5ter for norsk sj\u00f8 - Askeladden Boats","description":"Den nye P-serien til Askeladden er gjennomf\u00f8rte hel\u00e5rsb\u00e5ter for nordisk bruk \u2013 like god til fisketur som til soling.","robots":{"index":"index","follow":"follow","max-snippet":"max-snippet:-1","max-image-preview":"max-image-preview:large","max-video-preview":"max-video-preview:-1"},"canonical":"https:\/\/www.askeladden.no\/sv\/p-serien-komplette-bruksbater\/","og_locale":"sv_SE","og_type":"article","og_title":"Askeladdens nye P-serie: Komplette cruising- og bruksb\u00e5ter for norsk sj\u00f8 - Askeladden Boats","og_description":"Den nye P-serien til Askeladden er gjennomf\u00f8rte hel\u00e5rsb\u00e5ter for nordisk bruk \u2013 like god til fisketur som til soling.","og_url":"https:\/\/www.askeladden.no\/sv\/p-serien-komplette-bruksbater\/","og_site_name":"Askeladden Boats","article_publisher":"https:\/\/www.facebook.com\/AskeladdenBoats","article_modified_time":"2022-01-17T13:56:08+00:00","og_image":[{"width":1920,"height":1080,"url":"https:\/\/www.askeladden.no\/wp-content\/uploads\/2020\/10\/p92_-_en_introduksjon00_01_09_15.still016-1.jpg","type":"image\/jpeg"}],"twitter_card":"summary_large_image","twitter_misc":{"Ber\u00e4knad l\u00e4stid":"3 minuter"},"schema":{"@context":"https:\/\/schema.org","@graph":[{"@type":"WebPage","@id":"https:\/\/www.askeladden.no\/sv\/p-serien-komplette-bruksbater\/","url":"https:\/\/www.askeladden.no\/sv\/p-serien-komplette-bruksbater\/","name":"Askeladdens nye P-serie: Komplette cruising- og bruksb\u00e5ter for norsk sj\u00f8 - Askeladden Boats","isPartOf":{"@id":"https:\/\/www.askeladden.no\/sv\/#website"},"primaryImageOfPage":{"@id":"https:\/\/www.askeladden.no\/sv\/p-serien-komplette-bruksbater\/#primaryimage"},"image":{"@id":"https:\/\/www.askeladden.no\/sv\/p-serien-komplette-bruksbater\/#primaryimage"},"thumbnailUrl":"https:\/\/www.askeladden.no\/wp-content\/uploads\/2020\/10\/p92_-_en_introduksjon00_01_09_15.still016-1.jpg","datePublished":"2020-11-02T10:39:11+00:00","dateModified":"2022-01-17T13:56:08+00:00","description":"Den nye P-serien til Askeladden er gjennomf\u00f8rte hel\u00e5rsb\u00e5ter for nordisk bruk \u2013 like god til fisketur som til soling.","breadcrumb":{"@id":"https:\/\/www.askeladden.no\/sv\/p-serien-komplette-bruksbater\/#breadcrumb"},"inLanguage":"sv-SE","potentialAction":[{"@type":"ReadAction","target":["https:\/\/www.askeladden.no\/sv\/p-serien-komplette-bruksbater\/"]}]},{"@type":"ImageObject","inLanguage":"sv-SE","@id":"https:\/\/www.askeladden.no\/sv\/p-serien-komplette-bruksbater\/#primaryimage","url":"https:\/\/www.askeladden.no\/wp-content\/uploads\/2020\/10\/p92_-_en_introduksjon00_01_09_15.still016-1.jpg","contentUrl":"https:\/\/www.askeladden.no\/wp-content\/uploads\/2020\/10\/p92_-_en_introduksjon00_01_09_15.still016-1.jpg","width":1920,"height":1080,"caption":"B\u00e5ten Askeladden P92 SUV som kj\u00f8rer p\u00e5 sj\u00f8en"},{"@type":"BreadcrumbList","@id":"https:\/\/www.askeladden.no\/sv\/p-serien-komplette-bruksbater\/#breadcrumb","itemListElement":[{"@type":"ListItem","position":1,"name":"Askeladden","item":"https:\/\/www.askeladden.no\/sv\/"},{"@type":"ListItem","position":2,"name":"Askeladdens nye P-serie: Komplette cruising- og bruksb\u00e5ter for norsk sj\u00f8"}]},{"@type":"WebSite","@id":"https:\/\/www.askeladden.no\/sv\/#website","url":"https:\/\/www.askeladden.no\/sv\/","name":"Askeladden Boats","description":"Simply better","publisher":{"@id":"https:\/\/www.askeladden.no\/sv\/#organization"},"potentialAction":[{"@type":"SearchAction","target":{"@type":"EntryPoint","urlTemplate":"https:\/\/www.askeladden.no\/sv\/?s={search_term_string}"},"query-input":{"@type":"PropertyValueSpecification","valueRequired":true,"valueName":"search_term_string"}}],"inLanguage":"sv-SE"},{"@type":"Organization","@id":"https:\/\/www.askeladden.no\/sv\/#organization","name":"Askeladden Boats","url":"https:\/\/www.askeladden.no\/sv\/","logo":{"@type":"ImageObject","inLanguage":"sv-SE","@id":"https:\/\/www.askeladden.no\/sv\/#\/schema\/logo\/image\/","url":"https:\/\/www.askeladden.no\/wp-content\/uploads\/2020\/11\/login-logo.png","contentUrl":"https:\/\/www.askeladden.no\/wp-content\/uploads\/2020\/11\/login-logo.png","width":274,"height":63,"caption":"Askeladden Boats"},"image":{"@id":"https:\/\/www.askeladden.no\/sv\/#\/schema\/logo\/image\/"},"sameAs":["https:\/\/www.facebook.com\/AskeladdenBoats","https:\/\/www.instagram.com\/askeladdenboats\/","https:\/\/www.linkedin.com\/company\/askeladden\/","https:\/\/www.youtube.com\/channel\/UCj07MXqD_4in7BwVcT-pPWw","https:\/\/no.wikipedia.org\/wiki\/Askeladden_(b\u00e5tmerke)"]}]}},"_links":{"self":[{"href":"https:\/\/www.askeladden.no\/sv\/wp-json\/wp\/v2\/pages\/2029","targetHints":{"allow":["GET"]}}],"collection":[{"href":"https:\/\/www.askeladden.no\/sv\/wp-json\/wp\/v2\/pages"}],"about":[{"href":"https:\/\/www.askeladden.no\/sv\/wp-json\/wp\/v2\/types\/page"}],"author":[{"embeddable":true,"href":"https:\/\/www.askeladden.no\/sv\/wp-json\/wp\/v2\/users\/1"}],"replies":[{"embeddable":true,"href":"https:\/\/www.askeladden.no\/sv\/wp-json\/wp\/v2\/comments?post=2029"}],"version-history":[{"count":22,"href":"https:\/\/www.askeladden.no\/sv\/wp-json\/wp\/v2\/pages\/2029\/revisions"}],"predecessor-version":[{"id":2495,"href":"https:\/\/www.askeladden.no\/sv\/wp-json\/wp\/v2\/pages\/2029\/revisions\/2495"}],"wp:featuredmedia":[{"embeddable":true,"href":"https:\/\/www.askeladden.no\/sv\/wp-json\/wp\/v2\/media\/1291"}],"wp:attachment":[{"href":"https:\/\/www.askeladden.no\/sv\/wp-json\/wp\/v2\/media?parent=2029"}],"curies":[{"name":"wp","href":"https:\/\/api.w.org\/{rel}","templated":true}]}}